{"id":99,"date":"2021-06-27T19:20:00","date_gmt":"2021-06-27T19:20:00","guid":{"rendered":"http:\/\/psychoonkologiebewegt.de\/?page_id=99"},"modified":"2022-10-05T12:29:26","modified_gmt":"2022-10-05T12:29:26","slug":"die-psychoonkologin","status":"publish","type":"page","link":"https:\/\/psychoonkologiebewegt.de\/en\/die-psychoonkologin\/","title":{"rendered":"The Psychooncology"},"content":{"rendered":"\t\t<div data-elementor-type=\"wp-page\" data-elementor-id=\"99\" class=\"elementor elementor-99\">\n\t\t\t\t\t\t<section class=\"elementor-section elementor-top-section elementor-element elementor-element-8a33bc0 elementor-section-boxed elementor-section-height-default elementor-section-height-default\" data-id=\"8a33bc0\" data-element_type=\"section\" data-e-type=\"section\">\n\t\t\t\t\t\t<div class=\"elementor-container elementor-column-gap-default\">\n\t\t\t\t\t<div class=\"elementor-column elementor-col-100 elementor-top-column elementor-element elementor-element-e26f1dc\" data-id=\"e26f1dc\" data-element_type=\"column\" data-e-type=\"column\">\n\t\t\t<div class=\"elementor-widget-wrap elementor-element-populated\">\n\t\t\t\t\t\t<div class=\"elementor-element elementor-element-5cae877 elementor-widget elementor-widget-heading\" data-id=\"5cae877\" data-element_type=\"widget\" data-e-type=\"widget\" data-widget_type=\"heading.default\">\n\t\t\t\t<div class=\"elementor-widget-container\">\n\t\t\t\t\t<h2 class=\"elementor-heading-title elementor-size-default\">Psychoonkologie: die noch junge Disziplin entwickelt sich zu einer S\u00e4ule der Therapien<\/h2>\t\t\t\t<\/div>\n\t\t\t\t<\/div>\n\t\t\t\t\t<\/div>\n\t\t<\/div>\n\t\t\t\t\t<\/div>\n\t\t<\/section>\n\t\t\t\t<section class=\"elementor-section elementor-top-section elementor-element elementor-element-e2197ea elementor-section-boxed elementor-section-height-default elementor-section-height-default\" data-id=\"e2197ea\" data-element_type=\"section\" data-e-type=\"section\">\n\t\t\t\t\t\t<div class=\"elementor-container elementor-column-gap-default\">\n\t\t\t\t\t<div class=\"elementor-column elementor-col-33 elementor-top-column elementor-element elementor-element-56e045b\" data-id=\"56e045b\" data-element_type=\"column\" data-e-type=\"column\">\n\t\t\t<div class=\"elementor-widget-wrap elementor-element-populated\">\n\t\t\t\t\t\t<div class=\"elementor-element elementor-element-199e2f6 elementor-widget elementor-widget-image\" data-id=\"199e2f6\" data-element_type=\"widget\" data-e-type=\"widget\" data-widget_type=\"image.default\">\n\t\t\t\t<div class=\"elementor-widget-container\">\n\t\t\t\t\t\t\t\t\t\t\t\t<figure class=\"wp-caption\">\n\t\t\t\t\t\t\t\t\t\t<img fetchpriority=\"high\" decoding=\"async\" width=\"188\" height=\"272\" src=\"https:\/\/psychoonkologiebewegt.de\/wp-content\/uploads\/2021\/07\/Kranke-Sele-LN.png\" class=\"attachment-medium_large size-medium_large wp-image-398\" alt=\"\" \/>\t\t\t\t\t\t\t\t\t\t\t<figcaption class=\"widget-image-caption wp-caption-text\">Bild einer Patientin: \"Wenn der K\u00f6rper krank ist, dann leidet auch die Seele!\"<\/figcaption>\n\t\t\t\t\t\t\t\t\t\t<\/figure>\n\t\t\t\t\t\t\t\t\t<\/div>\n\t\t\t\t<\/div>\n\t\t\t\t\t<\/div>\n\t\t<\/div>\n\t\t\t\t<div class=\"elementor-column elementor-col-66 elementor-top-column elementor-element elementor-element-da216a2\" data-id=\"da216a2\" data-element_type=\"column\" data-e-type=\"column\">\n\t\t\t<div class=\"elementor-widget-wrap elementor-element-populated\">\n\t\t\t\t\t\t<div class=\"elementor-element elementor-element-9dfa2c8 elementor-widget elementor-widget-text-editor\" data-id=\"9dfa2c8\" data-element_type=\"widget\" data-e-type=\"widget\" data-widget_type=\"text-editor.default\">\n\t\t\t\t<div class=\"elementor-widget-container\">\n\t\t\t\t\t\t\t\t\t<p><strong>&#8222;Die Psychoonkologie beschreibt das Arbeitsfeld der professionellen Begleitung und Behandlung <\/strong>psychischer Beschwerden w\u00e4hrend und nach einer Krebsbehandlung.&#8220; (Tuschke 2005)<\/p><p><strong>Psychoonkologische Unterst\u00fctzung bedeutet der Seele von Tumorpatienten und Angeh\u00f6rigen <\/strong>Aufmerksamkeit zu widmen &#8211; ohne dabei den K\u00f6rper und das soziale Umfeld aus den Augen zu verlieren. (Reinhold Schwarz 1946\u00a0 &#8211; 2008)<strong><br \/><\/strong><\/p><p><strong>Die Psychoonkologie ist eine eigene wissenschaftliche Fachrichtung<\/strong>: Sie erforscht die seelischen Auswirkungen von Krebs auf Betroffene und ihr Umfeld und entwickelt M\u00f6glichkeiten der Unterst\u00fctzung. (Deutsches Krebsforschungszentrum, DKFZ 2021)<\/p><p><strong>Prof. Dr. med. Dorothee Wiewrodt, Neurochirurgin und Psychoonkologin,<\/strong> leitet seit 2011 diesen Arbeitsbereich am UK M\u00fcnster in der Klinik f\u00fcr Neurochirurgie. Hier sind nicht nur die Gespr\u00e4chstherapie und Kunsttherapie angesiedelt, sondern auch das pers\u00f6nliche Training von Patienten ist ein Teil der supportiven Therapiema\u00dfnahmen. Die Sportstudie &#8222;Mobil mit Hirntumor (MMH)&#8220;, die Training mit Hirntumorpatienten nach Bestrahlung aber bereits w\u00e4hrend der Chemotherapie anbietet sowie die Kunststudie &#8222;Kunst und Coping bei Hirntumorpatient:innen und Angeh\u00f6rigen im musealen Raum\u201c entstammen ebenfalls dem Arbeitsbereich der Psychoonkologie!<\/p>\t\t\t\t\t\t\t\t<\/div>\n\t\t\t\t<\/div>\n\t\t\t\t\t<\/div>\n\t\t<\/div>\n\t\t\t\t\t<\/div>\n\t\t<\/section>\n\t\t\t\t<section class=\"elementor-section elementor-top-section elementor-element elementor-element-d9f66b7 elementor-section-boxed elementor-section-height-default elementor-section-height-default\" data-id=\"d9f66b7\" data-element_type=\"section\" data-e-type=\"section\">\n\t\t\t\t\t\t<div class=\"elementor-container elementor-column-gap-default\">\n\t\t\t\t\t<div class=\"elementor-column elementor-col-100 elementor-top-column elementor-element elementor-element-a3cfe8d\" data-id=\"a3cfe8d\" data-element_type=\"column\" data-e-type=\"column\">\n\t\t\t<div class=\"elementor-widget-wrap elementor-element-populated\">\n\t\t\t\t\t\t<div class=\"elementor-element elementor-element-0672c55 elementor-widget elementor-widget-text-editor\" data-id=\"0672c55\" data-element_type=\"widget\" data-e-type=\"widget\" data-widget_type=\"text-editor.default\">\n\t\t\t\t<div class=\"elementor-widget-container\">\n\t\t\t\t\t\t\t\t\t<p>\u00a0<\/p><p>Der nachfolgende Artikel stammt aus dem Magazin &#8222;Brainstorm&#8220;\u00a0 der Deutschen Hirrntumorhilfe e.V.(Heft 3, 2019). Das ganze Magazin finden sie <a href=\"https:\/\/www.hirntumorhilfe.org\/fileadmin\/inhalte\/Brainstorm\/Hirntumorhilfe-Magazin-brainstorm-2020-Glioblastom.pdf\" target=\"_blank\" rel=\"noopener\">hier&#8230;<\/a><\/p>\t\t\t\t\t\t\t\t<\/div>\n\t\t\t\t<\/div>\n\t\t\t\t\t<\/div>\n\t\t<\/div>\n\t\t\t\t\t<\/div>\n\t\t<\/section>\n\t\t\t\t<section class=\"elementor-section elementor-top-section elementor-element elementor-element-7f8e128 elementor-section-boxed elementor-section-height-default elementor-section-height-default\" data-id=\"7f8e128\" data-element_type=\"section\" data-e-type=\"section\">\n\t\t\t\t\t\t<div class=\"elementor-container elementor-column-gap-default\">\n\t\t\t\t\t<div class=\"elementor-column elementor-col-100 elementor-top-column elementor-element elementor-element-141764f\" data-id=\"141764f\" data-element_type=\"column\" data-e-type=\"column\">\n\t\t\t<div class=\"elementor-widget-wrap elementor-element-populated\">\n\t\t\t\t\t\t<div class=\"elementor-element elementor-element-161a756 elementor-widget elementor-widget-text-editor\" data-id=\"161a756\" data-element_type=\"widget\" data-e-type=\"widget\" data-widget_type=\"text-editor.default\">\n\t\t\t\t<div class=\"elementor-widget-container\">\n\t\t\t\t\t\t\t\t\t<p><a href=\"https:\/\/psychoonkologiebewegt.de\/wp-content\/uploads\/2021\/07\/DW-Hirntumorhilfe-Magazin-brainstorm-2020-Glioblastom-2.pdf\" class=\"pdfemb-viewer\" style=\"\" data-width=\"max\" data-height=\"max\" data-toolbar=\"bottom\" data-toolbar-fixed=\"off\">DW-Hirntumorhilfe-Magazin-brainstorm-2020-Glioblastom-2<\/a><\/p>\t\t\t\t\t\t\t\t<\/div>\n\t\t\t\t<\/div>\n\t\t\t\t\t<\/div>\n\t\t<\/div>\n\t\t\t\t\t<\/div>\n\t\t<\/section>\n\t\t\t\t<section class=\"elementor-section elementor-top-section elementor-element elementor-element-f6205e7 elementor-section-boxed elementor-section-height-default elementor-section-height-default\" data-id=\"f6205e7\" data-element_type=\"section\" data-e-type=\"section\">\n\t\t\t\t\t\t<div class=\"elementor-container elementor-column-gap-default\">\n\t\t\t\t\t<div class=\"elementor-column elementor-col-100 elementor-top-column elementor-element elementor-element-548eb76\" data-id=\"548eb76\" data-element_type=\"column\" data-e-type=\"column\">\n\t\t\t<div class=\"elementor-widget-wrap elementor-element-populated\">\n\t\t\t\t\t\t<div class=\"elementor-element elementor-element-91db018 elementor-widget elementor-widget-text-editor\" data-id=\"91db018\" data-element_type=\"widget\" data-e-type=\"widget\" data-widget_type=\"text-editor.default\">\n\t\t\t\t<div class=\"elementor-widget-container\">\n\t\t\t\t\t\t\t\t\t<p>\u00a0<\/p><p>Die Ver\u00f6ffentlichung \u201eFotografie als Orientierungshilfe und Selbstvergewisserung\u201c stammt aus\u00a0\u00a0 \u201ePsychotherapie und Alter\u201c , (Heft 4, 2019). Den Nachweis finden Sie <a href=\"http:\/\/www.psychotherapie-im-alter.de\/index.php?id=kunstrezeption_hirntumor&amp;L=0&amp;no_cache=1&amp;sword_list[0]=fotografie\" target=\"_blank\" rel=\"noopener\">hier\u2026<\/a><\/p>\t\t\t\t\t\t\t\t<\/div>\n\t\t\t\t<\/div>\n\t\t\t\t\t<\/div>\n\t\t<\/div>\n\t\t\t\t\t<\/div>\n\t\t<\/section>\n\t\t\t\t<section class=\"elementor-section elementor-top-section elementor-element elementor-element-2766650 elementor-section-boxed elementor-section-height-default elementor-section-height-default\" data-id=\"2766650\" data-element_type=\"section\" data-e-type=\"section\">\n\t\t\t\t\t\t<div class=\"elementor-container elementor-column-gap-default\">\n\t\t\t\t\t<div class=\"elementor-column elementor-col-100 elementor-top-column elementor-element elementor-element-3454b52\" data-id=\"3454b52\" data-element_type=\"column\" data-e-type=\"column\">\n\t\t\t<div class=\"elementor-widget-wrap elementor-element-populated\">\n\t\t\t\t\t\t<div class=\"elementor-element elementor-element-9f4345c elementor-widget elementor-widget-text-editor\" data-id=\"9f4345c\" data-element_type=\"widget\" data-e-type=\"widget\" data-widget_type=\"text-editor.default\">\n\t\t\t\t<div class=\"elementor-widget-container\">\n\t\t\t\t\t\t\t\t\t<p><a href=\"https:\/\/psychoonkologiebewegt.de\/wp-content\/uploads\/2021\/07\/2019Fotografie-als-Orientierungshilfe-und-Selbstvergewisserung.pdf\" class=\"pdfemb-viewer\" style=\"\" data-width=\"max\" data-height=\"max\" data-toolbar=\"bottom\" data-toolbar-fixed=\"off\">2019Fotografie-als-Orientierungshilfe-und-Selbstvergewisserung<\/a><\/p>\t\t\t\t\t\t\t\t<\/div>\n\t\t\t\t<\/div>\n\t\t\t\t\t<\/div>\n\t\t<\/div>\n\t\t\t\t\t<\/div>\n\t\t<\/section>\n\t\t\t\t<section class=\"elementor-section elementor-top-section elementor-element elementor-element-4534cef elementor-section-boxed elementor-section-height-default elementor-section-height-default\" data-id=\"4534cef\" data-element_type=\"section\" data-e-type=\"section\">\n\t\t\t\t\t\t<div class=\"elementor-container elementor-column-gap-default\">\n\t\t\t\t\t<div class=\"elementor-column elementor-col-100 elementor-top-column elementor-element elementor-element-0968fac\" data-id=\"0968fac\" data-element_type=\"column\" data-e-type=\"column\">\n\t\t\t<div class=\"elementor-widget-wrap elementor-element-populated\">\n\t\t\t\t\t\t<div class=\"elementor-element elementor-element-4e8e1f0 elementor-widget elementor-widget-text-editor\" data-id=\"4e8e1f0\" data-element_type=\"widget\" data-e-type=\"widget\" data-widget_type=\"text-editor.default\">\n\t\t\t\t<div class=\"elementor-widget-container\">\n\t\t\t\t\t\t\t\t\t<p>Die Ver\u00f6ffentlichung \u201ePsychoonkologische Versorgung von Hirntumorpatienten\u201c stammt aus\u00a0\u201eDer Onkologe\u201c Den Nachweis finden Sie<a href=\"https:\/\/link.springer.com\/article\/10.1007\/s00761-018-0470-4\" target=\"_blank\" rel=\"noopener\"> hier\u2026<\/a><\/p>\t\t\t\t\t\t\t\t<\/div>\n\t\t\t\t<\/div>\n\t\t\t\t\t<\/div>\n\t\t<\/div>\n\t\t\t\t\t<\/div>\n\t\t<\/section>\n\t\t\t\t<section class=\"elementor-section elementor-top-section elementor-element elementor-element-dfdf5e9 elementor-section-boxed elementor-section-height-default elementor-section-height-default\" data-id=\"dfdf5e9\" data-element_type=\"section\" data-e-type=\"section\">\n\t\t\t\t\t\t<div class=\"elementor-container elementor-column-gap-default\">\n\t\t\t\t\t<div class=\"elementor-column elementor-col-100 elementor-top-column elementor-element elementor-element-1214570\" data-id=\"1214570\" data-element_type=\"column\" data-e-type=\"column\">\n\t\t\t<div class=\"elementor-widget-wrap elementor-element-populated\">\n\t\t\t\t\t\t<div class=\"elementor-element elementor-element-0259f22 elementor-widget elementor-widget-text-editor\" data-id=\"0259f22\" data-element_type=\"widget\" data-e-type=\"widget\" data-widget_type=\"text-editor.default\">\n\t\t\t\t<div class=\"elementor-widget-container\">\n\t\t\t\t\t\t\t\t\t<p><a href=\"https:\/\/psychoonkologiebewegt.de\/wp-content\/uploads\/2021\/07\/Psychoonkologische-Versorgung-von-Hirntumopat.pdf\" class=\"pdfemb-viewer\" style=\"\" data-width=\"max\" data-height=\"max\" data-toolbar=\"bottom\" data-toolbar-fixed=\"off\">Psychoonkologische-Versorgung-von-Hirntumopat<\/a><\/p>\t\t\t\t\t\t\t\t<\/div>\n\t\t\t\t<\/div>\n\t\t\t\t\t<\/div>\n\t\t<\/div>\n\t\t\t\t\t<\/div>\n\t\t<\/section>\n\t\t\t\t<section class=\"elementor-section elementor-top-section elementor-element elementor-element-a8ebafe elementor-section-boxed elementor-section-height-default elementor-section-height-default\" data-id=\"a8ebafe\" data-element_type=\"section\" data-e-type=\"section\">\n\t\t\t\t\t\t<div class=\"elementor-container elementor-column-gap-default\">\n\t\t\t\t\t<div class=\"elementor-column elementor-col-100 elementor-top-column elementor-element elementor-element-e6838cf\" data-id=\"e6838cf\" data-element_type=\"column\" data-e-type=\"column\">\n\t\t\t<div class=\"elementor-widget-wrap elementor-element-populated\">\n\t\t\t\t\t\t<div class=\"elementor-element elementor-element-2c21bc6 elementor-widget elementor-widget-text-editor\" data-id=\"2c21bc6\" data-element_type=\"widget\" data-e-type=\"widget\" data-widget_type=\"text-editor.default\">\n\t\t\t\t<div class=\"elementor-widget-container\">\n\t\t\t\t\t\t\t\t\t<p>Die nachfolgende <strong><em>Patientenleitlinie: Psychoonkologie-Psychosoziale Unterst\u00fctzung f\u00fcr Krebspatienten und Angeh\u00f6rige<\/em><\/strong> (Februar 2016), entstammt dem &#8222;Leitlinienprogramm Onkologie\u201c der Arbeitsgemeinschaft der Wissenschaftlichen Medizinischen Fachgesellschaften e. V., der Deutschen Krebsgesellschaft e. V. und der Stiftung Deutsche Krebshilfe und kann unter folgender Adresse heruntergeladen werden:<\/p>\t\t\t\t\t\t\t\t<\/div>\n\t\t\t\t<\/div>\n\t\t\t\t\t<\/div>\n\t\t<\/div>\n\t\t\t\t\t<\/div>\n\t\t<\/section>\n\t\t\t\t<section class=\"elementor-section elementor-top-section elementor-element elementor-element-6d50862 elementor-section-boxed elementor-section-height-default elementor-section-height-default\" data-id=\"6d50862\" data-element_type=\"section\" data-e-type=\"section\">\n\t\t\t\t\t\t<div class=\"elementor-container elementor-column-gap-default\">\n\t\t\t\t\t<div class=\"elementor-column elementor-col-100 elementor-top-column elementor-element elementor-element-09cf361\" data-id=\"09cf361\" data-element_type=\"column\" data-e-type=\"column\">\n\t\t\t<div class=\"elementor-widget-wrap elementor-element-populated\">\n\t\t\t\t\t\t<div class=\"elementor-element elementor-element-2b63f81 elementor-widget elementor-widget-text-editor\" data-id=\"2b63f81\" data-element_type=\"widget\" data-e-type=\"widget\" data-widget_type=\"text-editor.default\">\n\t\t\t\t<div class=\"elementor-widget-container\">\n\t\t\t\t\t\t\t\t\t<p><a href=\"https:\/\/www.krebshilfe.de\/infomaterial\/Patientenleitlinien\/Psychoonkologie_Patientenleitlinie_DeutscheKrebshilfe.pdf\" target=\"_blank\" rel=\"noopener\">https:\/\/www.krebshilfe.de\/infomaterial\/Patientenleitlinien\/Psychoonkologie_Patientenleitlinie_DeutscheKrebshilfe.pdf<\/a><\/p>\t\t\t\t\t\t\t\t<\/div>\n\t\t\t\t<\/div>\n\t\t\t\t\t<\/div>\n\t\t<\/div>\n\t\t\t\t\t<\/div>\n\t\t<\/section>\n\t\t\t\t<\/div>\n\t\t","protected":false},"excerpt":{"rendered":"<p>Psychoonkologie: die noch junge Disziplin entwickelt sich zu einer S\u00e4ule der Therapien Bild einer Patientin: &#8222;Wenn der K\u00f6rper krank ist, dann leidet auch die Seele!&#8220; &hellip;<\/p>","protected":false},"author":1,"featured_media":0,"parent":0,"menu_order":0,"comment_status":"closed","ping_status":"closed","template":"","meta":{"footnotes":""},"class_list":["post-99","page","type-page","status-publish","hentry"],"yoast_head":"<!-- This site is optimized with the Yoast SEO plugin v27.3 - https:\/\/yoast.com\/product\/yoast-seo-wordpress\/ -->\n<title>Die Psychoonkologie - Psychoonkologie bewegt<\/title>\n<meta name=\"robots\" content=\"index, follow, max-snippet:-1, max-image-preview:large, max-video-preview:-1\" \/>\n<link rel=\"canonical\" href=\"https:\/\/psychoonkologiebewegt.de\/en\/die-psychoonkologin\/\" \/>\n<meta property=\"og:locale\" content=\"en_GB\" \/>\n<meta property=\"og:type\" content=\"article\" \/>\n<meta property=\"og:title\" content=\"Die Psychoonkologie - Psychoonkologie bewegt\" \/>\n<meta property=\"og:description\" content=\"Psychoonkologie: die noch junge Disziplin entwickelt sich zu einer S\u00e4ule der Therapien Bild einer Patientin: &#8222;Wenn der K\u00f6rper krank ist, dann leidet auch die Seele!&#8220; &hellip;\" \/>\n<meta property=\"og:url\" content=\"https:\/\/psychoonkologiebewegt.de\/en\/die-psychoonkologin\/\" \/>\n<meta property=\"og:site_name\" content=\"Psychoonkologie bewegt\" \/>\n<meta property=\"article:modified_time\" content=\"2022-10-05T12:29:26+00:00\" \/>\n<meta property=\"og:image\" content=\"http:\/\/psychoonkologiebewegt.de\/wp-content\/uploads\/2021\/07\/Kranke-Sele-LN.png\" \/>\n<meta name=\"twitter:card\" content=\"summary_large_image\" \/>\n<meta name=\"twitter:label1\" content=\"Estimated reading time\" \/>\n\t<meta name=\"twitter:data1\" content=\"2 minutes\" \/>\n<script type=\"application\/ld+json\" class=\"yoast-schema-graph\">{\"@context\":\"https:\\\/\\\/schema.org\",\"@graph\":[{\"@type\":\"WebPage\",\"@id\":\"https:\\\/\\\/psychoonkologiebewegt.de\\\/die-psychoonkologin\\\/\",\"url\":\"https:\\\/\\\/psychoonkologiebewegt.de\\\/die-psychoonkologin\\\/\",\"name\":\"Die Psychoonkologie - Psychoonkologie bewegt\",\"isPartOf\":{\"@id\":\"https:\\\/\\\/psychoonkologiebewegt.de\\\/#website\"},\"primaryImageOfPage\":{\"@id\":\"https:\\\/\\\/psychoonkologiebewegt.de\\\/die-psychoonkologin\\\/#primaryimage\"},\"image\":{\"@id\":\"https:\\\/\\\/psychoonkologiebewegt.de\\\/die-psychoonkologin\\\/#primaryimage\"},\"thumbnailUrl\":\"http:\\\/\\\/psychoonkologiebewegt.de\\\/wp-content\\\/uploads\\\/2021\\\/07\\\/Kranke-Sele-LN.png\",\"datePublished\":\"2021-06-27T19:20:00+00:00\",\"dateModified\":\"2022-10-05T12:29:26+00:00\",\"breadcrumb\":{\"@id\":\"https:\\\/\\\/psychoonkologiebewegt.de\\\/die-psychoonkologin\\\/#breadcrumb\"},\"inLanguage\":\"en-GB\",\"potentialAction\":[{\"@type\":\"ReadAction\",\"target\":[\"https:\\\/\\\/psychoonkologiebewegt.de\\\/die-psychoonkologin\\\/\"]}]},{\"@type\":\"ImageObject\",\"inLanguage\":\"en-GB\",\"@id\":\"https:\\\/\\\/psychoonkologiebewegt.de\\\/die-psychoonkologin\\\/#primaryimage\",\"url\":\"http:\\\/\\\/psychoonkologiebewegt.de\\\/wp-content\\\/uploads\\\/2021\\\/07\\\/Kranke-Sele-LN.png\",\"contentUrl\":\"http:\\\/\\\/psychoonkologiebewegt.de\\\/wp-content\\\/uploads\\\/2021\\\/07\\\/Kranke-Sele-LN.png\"},{\"@type\":\"BreadcrumbList\",\"@id\":\"https:\\\/\\\/psychoonkologiebewegt.de\\\/die-psychoonkologin\\\/#breadcrumb\",\"itemListElement\":[{\"@type\":\"ListItem\",\"position\":1,\"name\":\"Startseite\",\"item\":\"https:\\\/\\\/psychoonkologiebewegt.de\\\/\"},{\"@type\":\"ListItem\",\"position\":2,\"name\":\"Die Psychoonkologie\"}]},{\"@type\":\"WebSite\",\"@id\":\"https:\\\/\\\/psychoonkologiebewegt.de\\\/#website\",\"url\":\"https:\\\/\\\/psychoonkologiebewegt.de\\\/\",\"name\":\"Psychoonkologie bewegt\",\"description\":\"\",\"publisher\":{\"@id\":\"https:\\\/\\\/psychoonkologiebewegt.de\\\/#organization\"},\"potentialAction\":[{\"@type\":\"SearchAction\",\"target\":{\"@type\":\"EntryPoint\",\"urlTemplate\":\"https:\\\/\\\/psychoonkologiebewegt.de\\\/?s={search_term_string}\"},\"query-input\":{\"@type\":\"PropertyValueSpecification\",\"valueRequired\":true,\"valueName\":\"search_term_string\"}}],\"inLanguage\":\"en-GB\"},{\"@type\":\"Organization\",\"@id\":\"https:\\\/\\\/psychoonkologiebewegt.de\\\/#organization\",\"name\":\"Psychoonkologie bewegt\",\"url\":\"https:\\\/\\\/psychoonkologiebewegt.de\\\/\",\"logo\":{\"@type\":\"ImageObject\",\"inLanguage\":\"en-GB\",\"@id\":\"https:\\\/\\\/psychoonkologiebewegt.de\\\/#\\\/schema\\\/logo\\\/image\\\/\",\"url\":\"http:\\\/\\\/psychoonkologiebewegt.de\\\/wp-content\\\/uploads\\\/2022\\\/07\\\/Psychoonkologiebewegt.png\",\"contentUrl\":\"http:\\\/\\\/psychoonkologiebewegt.de\\\/wp-content\\\/uploads\\\/2022\\\/07\\\/Psychoonkologiebewegt.png\",\"width\":406,\"height\":729,\"caption\":\"Psychoonkologie bewegt\"},\"image\":{\"@id\":\"https:\\\/\\\/psychoonkologiebewegt.de\\\/#\\\/schema\\\/logo\\\/image\\\/\"}}]}<\/script>\n<!-- \/ Yoast SEO plugin. -->","yoast_head_json":{"title":"Die Psychoonkologie - Psychoonkologie bewegt","robots":{"index":"index","follow":"follow","max-snippet":"max-snippet:-1","max-image-preview":"max-image-preview:large","max-video-preview":"max-video-preview:-1"},"canonical":"https:\/\/psychoonkologiebewegt.de\/en\/die-psychoonkologin\/","og_locale":"en_GB","og_type":"article","og_title":"Die Psychoonkologie - Psychoonkologie bewegt","og_description":"Psychoonkologie: die noch junge Disziplin entwickelt sich zu einer S\u00e4ule der Therapien Bild einer Patientin: &#8222;Wenn der K\u00f6rper krank ist, dann leidet auch die Seele!&#8220; &hellip;","og_url":"https:\/\/psychoonkologiebewegt.de\/en\/die-psychoonkologin\/","og_site_name":"Psychoonkologie bewegt","article_modified_time":"2022-10-05T12:29:26+00:00","og_image":[{"url":"http:\/\/psychoonkologiebewegt.de\/wp-content\/uploads\/2021\/07\/Kranke-Sele-LN.png","type":"","width":"","height":""}],"twitter_card":"summary_large_image","twitter_misc":{"Estimated reading time":"2 minutes"},"schema":{"@context":"https:\/\/schema.org","@graph":[{"@type":"WebPage","@id":"https:\/\/psychoonkologiebewegt.de\/die-psychoonkologin\/","url":"https:\/\/psychoonkologiebewegt.de\/die-psychoonkologin\/","name":"Die Psychoonkologie - Psychoonkologie bewegt","isPartOf":{"@id":"https:\/\/psychoonkologiebewegt.de\/#website"},"primaryImageOfPage":{"@id":"https:\/\/psychoonkologiebewegt.de\/die-psychoonkologin\/#primaryimage"},"image":{"@id":"https:\/\/psychoonkologiebewegt.de\/die-psychoonkologin\/#primaryimage"},"thumbnailUrl":"http:\/\/psychoonkologiebewegt.de\/wp-content\/uploads\/2021\/07\/Kranke-Sele-LN.png","datePublished":"2021-06-27T19:20:00+00:00","dateModified":"2022-10-05T12:29:26+00:00","breadcrumb":{"@id":"https:\/\/psychoonkologiebewegt.de\/die-psychoonkologin\/#breadcrumb"},"inLanguage":"en-GB","potentialAction":[{"@type":"ReadAction","target":["https:\/\/psychoonkologiebewegt.de\/die-psychoonkologin\/"]}]},{"@type":"ImageObject","inLanguage":"en-GB","@id":"https:\/\/psychoonkologiebewegt.de\/die-psychoonkologin\/#primaryimage","url":"http:\/\/psychoonkologiebewegt.de\/wp-content\/uploads\/2021\/07\/Kranke-Sele-LN.png","contentUrl":"http:\/\/psychoonkologiebewegt.de\/wp-content\/uploads\/2021\/07\/Kranke-Sele-LN.png"},{"@type":"BreadcrumbList","@id":"https:\/\/psychoonkologiebewegt.de\/die-psychoonkologin\/#breadcrumb","itemListElement":[{"@type":"ListItem","position":1,"name":"Startseite","item":"https:\/\/psychoonkologiebewegt.de\/"},{"@type":"ListItem","position":2,"name":"Die Psychoonkologie"}]},{"@type":"WebSite","@id":"https:\/\/psychoonkologiebewegt.de\/#website","url":"https:\/\/psychoonkologiebewegt.de\/","name":"Psychooncology moves","description":"","publisher":{"@id":"https:\/\/psychoonkologiebewegt.de\/#organization"},"potentialAction":[{"@type":"SearchAction","target":{"@type":"EntryPoint","urlTemplate":"https:\/\/psychoonkologiebewegt.de\/?s={search_term_string}"},"query-input":{"@type":"PropertyValueSpecification","valueRequired":true,"valueName":"search_term_string"}}],"inLanguage":"en-GB"},{"@type":"Organization","@id":"https:\/\/psychoonkologiebewegt.de\/#organization","name":"Psychooncology moves","url":"https:\/\/psychoonkologiebewegt.de\/","logo":{"@type":"ImageObject","inLanguage":"en-GB","@id":"https:\/\/psychoonkologiebewegt.de\/#\/schema\/logo\/image\/","url":"http:\/\/psychoonkologiebewegt.de\/wp-content\/uploads\/2022\/07\/Psychoonkologiebewegt.png","contentUrl":"http:\/\/psychoonkologiebewegt.de\/wp-content\/uploads\/2022\/07\/Psychoonkologiebewegt.png","width":406,"height":729,"caption":"Psychoonkologie bewegt"},"image":{"@id":"https:\/\/psychoonkologiebewegt.de\/#\/schema\/logo\/image\/"}}]}},"_links":{"self":[{"href":"https:\/\/psychoonkologiebewegt.de\/en\/wp-json\/wp\/v2\/pages\/99","targetHints":{"allow":["GET"]}}],"collection":[{"href":"https:\/\/psychoonkologiebewegt.de\/en\/wp-json\/wp\/v2\/pages"}],"about":[{"href":"https:\/\/psychoonkologiebewegt.de\/en\/wp-json\/wp\/v2\/types\/page"}],"author":[{"embeddable":true,"href":"https:\/\/psychoonkologiebewegt.de\/en\/wp-json\/wp\/v2\/users\/1"}],"replies":[{"embeddable":true,"href":"https:\/\/psychoonkologiebewegt.de\/en\/wp-json\/wp\/v2\/comments?post=99"}],"version-history":[{"count":85,"href":"https:\/\/psychoonkologiebewegt.de\/en\/wp-json\/wp\/v2\/pages\/99\/revisions"}],"predecessor-version":[{"id":2251,"href":"https:\/\/psychoonkologiebewegt.de\/en\/wp-json\/wp\/v2\/pages\/99\/revisions\/2251"}],"wp:attachment":[{"href":"https:\/\/psychoonkologiebewegt.de\/en\/wp-json\/wp\/v2\/media?parent=99"}],"curies":[{"name":"wp","href":"https:\/\/api.w.org\/{rel}","templated":true}]}}