{"id":93,"date":"2021-06-27T16:51:49","date_gmt":"2021-06-27T16:51:49","guid":{"rendered":"http:\/\/psychoonkologiebewegt.de\/?page_id=93"},"modified":"2022-08-02T14:19:30","modified_gmt":"2022-08-02T14:19:30","slug":"der-patient","status":"publish","type":"page","link":"https:\/\/psychoonkologiebewegt.de\/en\/der-patient\/","title":{"rendered":"The Patient"},"content":{"rendered":"<div data-elementor-type=\"wp-page\" data-elementor-id=\"93\" class=\"elementor elementor-93\">\n\t\t\t\t\t\t<section class=\"elementor-section elementor-top-section elementor-element elementor-element-c6001da elementor-section-boxed elementor-section-height-default elementor-section-height-default\" data-id=\"c6001da\" data-element_type=\"section\" data-e-type=\"section\">\n\t\t\t\t\t\t<div class=\"elementor-container elementor-column-gap-default\">\n\t\t\t\t\t<div class=\"elementor-column elementor-col-100 elementor-top-column elementor-element elementor-element-9381ece\" data-id=\"9381ece\" data-element_type=\"column\" data-e-type=\"column\">\n\t\t\t<div class=\"elementor-widget-wrap elementor-element-populated\">\n\t\t\t\t\t\t<div class=\"elementor-element elementor-element-06a2456 elementor-widget elementor-widget-heading\" data-id=\"06a2456\" data-element_type=\"widget\" data-e-type=\"widget\" data-widget_type=\"heading.default\">\n\t\t\t\t<div class=\"elementor-widget-container\">\n\t\t\t\t\t<h2 class=\"elementor-heading-title elementor-size-default\">The patient is at the centre of psychooncological support. However, nothing works without defining goals.  <\/h2>\t\t\t\t<\/div>\n\t\t\t\t<\/div>\n\t\t\t\t\t<\/div>\n\t\t<\/div>\n\t\t\t\t\t<\/div>\n\t\t<\/section>\n\t\t\t\t<section class=\"elementor-section elementor-top-section elementor-element elementor-element-0a0e727 elementor-section-boxed elementor-section-height-default elementor-section-height-default\" data-id=\"0a0e727\" data-element_type=\"section\" data-e-type=\"section\">\n\t\t\t\t\t\t<div class=\"elementor-container elementor-column-gap-default\">\n\t\t\t\t\t<div class=\"elementor-column elementor-col-100 elementor-top-column elementor-element elementor-element-9bc9569\" data-id=\"9bc9569\" data-element_type=\"column\" data-e-type=\"column\">\n\t\t\t<div class=\"elementor-widget-wrap elementor-element-populated\">\n\t\t\t\t\t\t<div class=\"elementor-element elementor-element-cb0f8ec elementor-widget elementor-widget-text-editor\" data-id=\"cb0f8ec\" data-element_type=\"widget\" data-e-type=\"widget\" data-widget_type=\"text-editor.default\">\n\t\t\t\t<div class=\"elementor-widget-container\">\n\t\t\t\t\t\t\t\t\t<p>Liebe Patientin, lieber Patient,<\/p><p>f\u00fcr Ihr Wohlbefinden engagieren wir uns gerne und entwickeln uns mit Ihnen zusammen immer weiter!<\/p><p>Der Impuls, sowohl zu unserem pers\u00f6nlichen Trainingsprogramm als auch zu den Museumsbesuchen kam von Patient*innen, die andere Betroffene an dem, was Ihnen gut tat, Teil haben lassen wollten. In einer so bedrohlichen Situation, wie die Auseinandersetzung mit der Diagnose Hirntumor, fehlen oft nicht nur Worte, sondern auch konkrete Ideen, was jetzt hilfreich sein k\u00f6nnte.<\/p><p>Wir versuchen mit unseren verschiedenen Angeboten, Sie zu ermutigen, Neues und Altbew\u00e4hrtes auszuprobieren und Sie so bei der Suche nach einer f\u00fcr Sie geeigneten Bew\u00e4ltigungsstrategie zu unterst\u00fctzen. Das Ziel geben Sie vor! Und wenn Sie m\u00f6gen, begleiten wir Sie auf dem Weg Ihr pers\u00f6nliches Ziel trotz Erkrankung zu erreichen! Dazu wollen wir motivieren, anfeuern, wenn n\u00f6tig vorangehen oder von hinten schieben&#8230; denn <strong>&#8222;<\/strong><strong><span style=\"color: #ff9900;\">Psychoonkologie<\/span><span style=\"color: #339966;\">bewegt&#8220;<\/span><\/strong><\/p><p>Sind Sie dabei?\u00a0 Sie d\u00fcrfen sich gerne melden, nur Mut!!<\/p>\t\t\t\t\t\t\t\t<\/div>\n\t\t\t\t<\/div>\n\t\t\t\t\t<\/div>\n\t\t<\/div>\n\t\t\t\t\t<\/div>\n\t\t<\/section>\n\t\t\t\t<section class=\"elementor-section elementor-top-section elementor-element elementor-element-790d58f elementor-section-boxed elementor-section-height-default elementor-section-height-default\" data-id=\"790d58f\" data-element_type=\"section\" data-e-type=\"section\">\n\t\t\t\t\t\t<div class=\"elementor-container elementor-column-gap-default\">\n\t\t\t\t\t<div class=\"elementor-column elementor-col-100 elementor-top-column elementor-element elementor-element-c93e005\" data-id=\"c93e005\" data-element_type=\"column\" data-e-type=\"column\">\n\t\t\t<div class=\"elementor-widget-wrap elementor-element-populated\">\n\t\t\t\t\t\t<div class=\"elementor-element elementor-element-e77d398 elementor-widget elementor-widget-text-editor\" data-id=\"e77d398\" data-element_type=\"widget\" data-e-type=\"widget\" data-widget_type=\"text-editor.default\">\n\t\t\t\t<div class=\"elementor-widget-container\">\n\t\t\t\t\t\t\t\t\t<h6>&#8222;Darf ich noch ein Ziel haben?&#8220; Ja sicher, sie d\u00fcrfen! &#8211; Aber: Ziele m\u00fcssen auch in dieser Phase definiert werden und passen!<\/h6>\t\t\t\t\t\t\t\t<\/div>\n\t\t\t\t<\/div>\n\t\t\t\t\t<\/div>\n\t\t<\/div>\n\t\t\t\t\t<\/div>\n\t\t<\/section>\n\t\t\t\t<section class=\"elementor-section elementor-top-section elementor-element elementor-element-a540723 elementor-section-boxed elementor-section-height-default elementor-section-height-default\" data-id=\"a540723\" data-element_type=\"section\" data-e-type=\"section\">\n\t\t\t\t\t\t<div class=\"elementor-container elementor-column-gap-default\">\n\t\t\t\t\t<div class=\"elementor-column elementor-col-100 elementor-top-column elementor-element elementor-element-d42f9da\" data-id=\"d42f9da\" data-element_type=\"column\" data-e-type=\"column\">\n\t\t\t<div class=\"elementor-widget-wrap elementor-element-populated\">\n\t\t\t\t\t\t<div class=\"elementor-element elementor-element-34ec77b elementor-widget elementor-widget-text-editor\" data-id=\"34ec77b\" data-element_type=\"widget\" data-e-type=\"widget\" data-widget_type=\"text-editor.default\">\n\t\t\t\t<div class=\"elementor-widget-container\">\n\t\t\t\t\t\t\t\t\t<p>Es gibt nichts schlimmeres, als st\u00e4ndig von seinem Ziel abzuweichen. Eines der wichtigsten Kriterien des Personlatrainings, als ein Teil der Begleittherapien in der Psychoonkologie ist die Zielvereinbarung. Oftmals ist jedoch nicht das Ziel, welches einer Korrektur bedarf, sondern der Weg. In der Praxis hat sich folgendes Modell als erfolgreich herausgestellt:<\/p>\t\t\t\t\t\t\t\t<\/div>\n\t\t\t\t<\/div>\n\t\t\t\t\t<\/div>\n\t\t<\/div>\n\t\t\t\t\t<\/div>\n\t\t<\/section>\n\t\t\t\t<section class=\"elementor-section elementor-top-section elementor-element elementor-element-a457a00 elementor-section-boxed elementor-section-height-default elementor-section-height-default\" data-id=\"a457a00\" data-element_type=\"section\" data-e-type=\"section\">\n\t\t\t\t\t\t<div class=\"elementor-container elementor-column-gap-default\">\n\t\t\t\t\t<div class=\"elementor-column elementor-col-50 elementor-top-column elementor-element elementor-element-3ddebea\" data-id=\"3ddebea\" data-element_type=\"column\" data-e-type=\"column\">\n\t\t\t<div class=\"elementor-widget-wrap elementor-element-populated\">\n\t\t\t\t\t\t<div class=\"elementor-element elementor-element-44284a5 elementor-widget elementor-widget-image\" data-id=\"44284a5\" data-element_type=\"widget\" data-e-type=\"widget\" data-widget_type=\"image.default\">\n\t\t\t\t<div class=\"elementor-widget-container\">\n\t\t\t\t\t\t\t\t\t\t\t\t\t\t\t<img fetchpriority=\"high\" decoding=\"async\" width=\"549\" height=\"291\" src=\"https:\/\/psychoonkologiebewegt.de\/wp-content\/uploads\/2022\/08\/Zieldefinition.jpg\" class=\"attachment-large size-large wp-image-1886\" alt=\"\" srcset=\"https:\/\/psychoonkologiebewegt.de\/wp-content\/uploads\/2022\/08\/Zieldefinition.jpg 549w, https:\/\/psychoonkologiebewegt.de\/wp-content\/uploads\/2022\/08\/Zieldefinition-300x159.jpg 300w\" sizes=\"(max-width: 549px) 100vw, 549px\" \/>\t\t\t\t\t\t\t\t\t\t\t\t\t\t\t<\/div>\n\t\t\t\t<\/div>\n\t\t\t\t\t<\/div>\n\t\t<\/div>\n\t\t\t\t<div class=\"elementor-column elementor-col-50 elementor-top-column elementor-element elementor-element-9487fba\" data-id=\"9487fba\" data-element_type=\"column\" data-e-type=\"column\">\n\t\t\t<div class=\"elementor-widget-wrap elementor-element-populated\">\n\t\t\t\t\t\t<div class=\"elementor-element elementor-element-ccae05c elementor-widget elementor-widget-text-editor\" data-id=\"ccae05c\" data-element_type=\"widget\" data-e-type=\"widget\" data-widget_type=\"text-editor.default\">\n\t\t\t\t<div class=\"elementor-widget-container\">\n\t\t\t\t\t\t\t\t\t<p>1. Definition des Hauptzieles<br \/>2. Herausstellen von Etappenzielen<br \/>3. Festlegen des ersten Weges mit Betreuung bis zum ersten Etappenziel<br \/>4. Reflektion und notwendige Intervention<br \/>5. Festlegen des n\u00e4chsten Weges mit gleicher Vorgehensweise<\/p>\t\t\t\t\t\t\t\t<\/div>\n\t\t\t\t<\/div>\n\t\t\t\t\t<\/div>\n\t\t<\/div>\n\t\t\t\t\t<\/div>\n\t\t<\/section>\n\t\t\t\t<\/div>","protected":false},"excerpt":{"rendered":"<p>Der Patient steht im Mittelpunkt der psychoonkologischen Begleitung. Es geht jedoch nichts ohne Zieldefinition. Liebe Patientin, lieber Patient, f\u00fcr Ihr Wohlbefinden engagieren wir uns gerne &hellip;<\/p>","protected":false},"author":1,"featured_media":0,"parent":0,"menu_order":0,"comment_status":"closed","ping_status":"closed","template":"","meta":{"footnotes":""},"class_list":["post-93","page","type-page","status-publish","hentry"],"yoast_head":"<!-- This site is optimized with the Yoast SEO plugin v27.4 - https:\/\/yoast.com\/product\/yoast-seo-wordpress\/ -->\n<title>Der Patient - Psychoonkologie bewegt<\/title>\n<meta name=\"robots\" content=\"index, follow, max-snippet:-1, max-image-preview:large, max-video-preview:-1\" \/>\n<link rel=\"canonical\" href=\"https:\/\/psychoonkologiebewegt.de\/en\/der-patient\/\" \/>\n<meta property=\"og:locale\" content=\"en_GB\" \/>\n<meta property=\"og:type\" content=\"article\" \/>\n<meta property=\"og:title\" content=\"Der Patient - Psychoonkologie bewegt\" \/>\n<meta property=\"og:description\" content=\"Der Patient steht im Mittelpunkt der psychoonkologischen Begleitung. Es geht jedoch nichts ohne Zieldefinition. Liebe Patientin, lieber Patient, f\u00fcr Ihr Wohlbefinden engagieren wir uns gerne &hellip;\" \/>\n<meta property=\"og:url\" content=\"https:\/\/psychoonkologiebewegt.de\/en\/der-patient\/\" \/>\n<meta property=\"og:site_name\" content=\"Psychoonkologie bewegt\" \/>\n<meta property=\"article:modified_time\" content=\"2022-08-02T14:19:30+00:00\" \/>\n<meta property=\"og:image\" content=\"http:\/\/psychoonkologiebewegt.de\/wp-content\/uploads\/2022\/08\/Zieldefinition.jpg\" \/>\n<meta name=\"twitter:card\" content=\"summary_large_image\" \/>\n<meta name=\"twitter:label1\" content=\"Estimated reading time\" \/>\n\t<meta name=\"twitter:data1\" content=\"1 minute\" \/>\n<script type=\"application\/ld+json\" class=\"yoast-schema-graph\">{\"@context\":\"https:\\\/\\\/schema.org\",\"@graph\":[{\"@type\":\"WebPage\",\"@id\":\"https:\\\/\\\/psychoonkologiebewegt.de\\\/der-patient\\\/\",\"url\":\"https:\\\/\\\/psychoonkologiebewegt.de\\\/der-patient\\\/\",\"name\":\"Der Patient - Psychoonkologie bewegt\",\"isPartOf\":{\"@id\":\"https:\\\/\\\/psychoonkologiebewegt.de\\\/#website\"},\"primaryImageOfPage\":{\"@id\":\"https:\\\/\\\/psychoonkologiebewegt.de\\\/der-patient\\\/#primaryimage\"},\"image\":{\"@id\":\"https:\\\/\\\/psychoonkologiebewegt.de\\\/der-patient\\\/#primaryimage\"},\"thumbnailUrl\":\"http:\\\/\\\/psychoonkologiebewegt.de\\\/wp-content\\\/uploads\\\/2022\\\/08\\\/Zieldefinition.jpg\",\"datePublished\":\"2021-06-27T16:51:49+00:00\",\"dateModified\":\"2022-08-02T14:19:30+00:00\",\"breadcrumb\":{\"@id\":\"https:\\\/\\\/psychoonkologiebewegt.de\\\/der-patient\\\/#breadcrumb\"},\"inLanguage\":\"en-GB\",\"potentialAction\":[{\"@type\":\"ReadAction\",\"target\":[\"https:\\\/\\\/psychoonkologiebewegt.de\\\/der-patient\\\/\"]}]},{\"@type\":\"ImageObject\",\"inLanguage\":\"en-GB\",\"@id\":\"https:\\\/\\\/psychoonkologiebewegt.de\\\/der-patient\\\/#primaryimage\",\"url\":\"http:\\\/\\\/psychoonkologiebewegt.de\\\/wp-content\\\/uploads\\\/2022\\\/08\\\/Zieldefinition.jpg\",\"contentUrl\":\"http:\\\/\\\/psychoonkologiebewegt.de\\\/wp-content\\\/uploads\\\/2022\\\/08\\\/Zieldefinition.jpg\"},{\"@type\":\"BreadcrumbList\",\"@id\":\"https:\\\/\\\/psychoonkologiebewegt.de\\\/der-patient\\\/#breadcrumb\",\"itemListElement\":[{\"@type\":\"ListItem\",\"position\":1,\"name\":\"Startseite\",\"item\":\"https:\\\/\\\/psychoonkologiebewegt.de\\\/\"},{\"@type\":\"ListItem\",\"position\":2,\"name\":\"Der Patient\"}]},{\"@type\":\"WebSite\",\"@id\":\"https:\\\/\\\/psychoonkologiebewegt.de\\\/#website\",\"url\":\"https:\\\/\\\/psychoonkologiebewegt.de\\\/\",\"name\":\"Psychoonkologie bewegt\",\"description\":\"\",\"publisher\":{\"@id\":\"https:\\\/\\\/psychoonkologiebewegt.de\\\/#organization\"},\"potentialAction\":[{\"@type\":\"SearchAction\",\"target\":{\"@type\":\"EntryPoint\",\"urlTemplate\":\"https:\\\/\\\/psychoonkologiebewegt.de\\\/?s={search_term_string}\"},\"query-input\":{\"@type\":\"PropertyValueSpecification\",\"valueRequired\":true,\"valueName\":\"search_term_string\"}}],\"inLanguage\":\"en-GB\"},{\"@type\":\"Organization\",\"@id\":\"https:\\\/\\\/psychoonkologiebewegt.de\\\/#organization\",\"name\":\"Psychoonkologie bewegt\",\"url\":\"https:\\\/\\\/psychoonkologiebewegt.de\\\/\",\"logo\":{\"@type\":\"ImageObject\",\"inLanguage\":\"en-GB\",\"@id\":\"https:\\\/\\\/psychoonkologiebewegt.de\\\/#\\\/schema\\\/logo\\\/image\\\/\",\"url\":\"http:\\\/\\\/psychoonkologiebewegt.de\\\/wp-content\\\/uploads\\\/2022\\\/07\\\/Psychoonkologiebewegt.png\",\"contentUrl\":\"http:\\\/\\\/psychoonkologiebewegt.de\\\/wp-content\\\/uploads\\\/2022\\\/07\\\/Psychoonkologiebewegt.png\",\"width\":406,\"height\":729,\"caption\":\"Psychoonkologie bewegt\"},\"image\":{\"@id\":\"https:\\\/\\\/psychoonkologiebewegt.de\\\/#\\\/schema\\\/logo\\\/image\\\/\"}}]}<\/script>\n<!-- \/ Yoast SEO plugin. -->","yoast_head_json":{"title":"Der Patient - Psychoonkologie bewegt","robots":{"index":"index","follow":"follow","max-snippet":"max-snippet:-1","max-image-preview":"max-image-preview:large","max-video-preview":"max-video-preview:-1"},"canonical":"https:\/\/psychoonkologiebewegt.de\/en\/der-patient\/","og_locale":"en_GB","og_type":"article","og_title":"Der Patient - Psychoonkologie bewegt","og_description":"Der Patient steht im Mittelpunkt der psychoonkologischen Begleitung. Es geht jedoch nichts ohne Zieldefinition. Liebe Patientin, lieber Patient, f\u00fcr Ihr Wohlbefinden engagieren wir uns gerne &hellip;","og_url":"https:\/\/psychoonkologiebewegt.de\/en\/der-patient\/","og_site_name":"Psychoonkologie bewegt","article_modified_time":"2022-08-02T14:19:30+00:00","og_image":[{"url":"http:\/\/psychoonkologiebewegt.de\/wp-content\/uploads\/2022\/08\/Zieldefinition.jpg","type":"","width":"","height":""}],"twitter_card":"summary_large_image","twitter_misc":{"Estimated reading time":"1 minute"},"schema":{"@context":"https:\/\/schema.org","@graph":[{"@type":"WebPage","@id":"https:\/\/psychoonkologiebewegt.de\/der-patient\/","url":"https:\/\/psychoonkologiebewegt.de\/der-patient\/","name":"Der Patient - Psychoonkologie bewegt","isPartOf":{"@id":"https:\/\/psychoonkologiebewegt.de\/#website"},"primaryImageOfPage":{"@id":"https:\/\/psychoonkologiebewegt.de\/der-patient\/#primaryimage"},"image":{"@id":"https:\/\/psychoonkologiebewegt.de\/der-patient\/#primaryimage"},"thumbnailUrl":"http:\/\/psychoonkologiebewegt.de\/wp-content\/uploads\/2022\/08\/Zieldefinition.jpg","datePublished":"2021-06-27T16:51:49+00:00","dateModified":"2022-08-02T14:19:30+00:00","breadcrumb":{"@id":"https:\/\/psychoonkologiebewegt.de\/der-patient\/#breadcrumb"},"inLanguage":"en-GB","potentialAction":[{"@type":"ReadAction","target":["https:\/\/psychoonkologiebewegt.de\/der-patient\/"]}]},{"@type":"ImageObject","inLanguage":"en-GB","@id":"https:\/\/psychoonkologiebewegt.de\/der-patient\/#primaryimage","url":"http:\/\/psychoonkologiebewegt.de\/wp-content\/uploads\/2022\/08\/Zieldefinition.jpg","contentUrl":"http:\/\/psychoonkologiebewegt.de\/wp-content\/uploads\/2022\/08\/Zieldefinition.jpg"},{"@type":"BreadcrumbList","@id":"https:\/\/psychoonkologiebewegt.de\/der-patient\/#breadcrumb","itemListElement":[{"@type":"ListItem","position":1,"name":"Startseite","item":"https:\/\/psychoonkologiebewegt.de\/"},{"@type":"ListItem","position":2,"name":"Der Patient"}]},{"@type":"WebSite","@id":"https:\/\/psychoonkologiebewegt.de\/#website","url":"https:\/\/psychoonkologiebewegt.de\/","name":"Psychooncology moves","description":"","publisher":{"@id":"https:\/\/psychoonkologiebewegt.de\/#organization"},"potentialAction":[{"@type":"SearchAction","target":{"@type":"EntryPoint","urlTemplate":"https:\/\/psychoonkologiebewegt.de\/?s={search_term_string}"},"query-input":{"@type":"PropertyValueSpecification","valueRequired":true,"valueName":"search_term_string"}}],"inLanguage":"en-GB"},{"@type":"Organization","@id":"https:\/\/psychoonkologiebewegt.de\/#organization","name":"Psychooncology moves","url":"https:\/\/psychoonkologiebewegt.de\/","logo":{"@type":"ImageObject","inLanguage":"en-GB","@id":"https:\/\/psychoonkologiebewegt.de\/#\/schema\/logo\/image\/","url":"http:\/\/psychoonkologiebewegt.de\/wp-content\/uploads\/2022\/07\/Psychoonkologiebewegt.png","contentUrl":"http:\/\/psychoonkologiebewegt.de\/wp-content\/uploads\/2022\/07\/Psychoonkologiebewegt.png","width":406,"height":729,"caption":"Psychoonkologie bewegt"},"image":{"@id":"https:\/\/psychoonkologiebewegt.de\/#\/schema\/logo\/image\/"}}]}},"_links":{"self":[{"href":"https:\/\/psychoonkologiebewegt.de\/en\/wp-json\/wp\/v2\/pages\/93","targetHints":{"allow":["GET"]}}],"collection":[{"href":"https:\/\/psychoonkologiebewegt.de\/en\/wp-json\/wp\/v2\/pages"}],"about":[{"href":"https:\/\/psychoonkologiebewegt.de\/en\/wp-json\/wp\/v2\/types\/page"}],"author":[{"embeddable":true,"href":"https:\/\/psychoonkologiebewegt.de\/en\/wp-json\/wp\/v2\/users\/1"}],"replies":[{"embeddable":true,"href":"https:\/\/psychoonkologiebewegt.de\/en\/wp-json\/wp\/v2\/comments?post=93"}],"version-history":[{"count":26,"href":"https:\/\/psychoonkologiebewegt.de\/en\/wp-json\/wp\/v2\/pages\/93\/revisions"}],"predecessor-version":[{"id":1893,"href":"https:\/\/psychoonkologiebewegt.de\/en\/wp-json\/wp\/v2\/pages\/93\/revisions\/1893"}],"wp:attachment":[{"href":"https:\/\/psychoonkologiebewegt.de\/en\/wp-json\/wp\/v2\/media?parent=93"}],"curies":[{"name":"wp","href":"https:\/\/api.w.org\/{rel}","templated":true}]}}