{"id":84,"date":"2021-06-27T16:10:13","date_gmt":"2021-06-27T16:10:13","guid":{"rendered":"http:\/\/psychoonkologiebewegt.de\/?page_id=84"},"modified":"2022-08-02T07:19:50","modified_gmt":"2022-08-02T07:19:50","slug":"die-therapie","status":"publish","type":"page","link":"https:\/\/psychoonkologiebewegt.de\/en\/die-therapie\/","title":{"rendered":"The Accompanying Therapy"},"content":{"rendered":"<div data-elementor-type=\"wp-page\" data-elementor-id=\"84\" class=\"elementor elementor-84\">\n\t\t\t\t\t\t<section class=\"elementor-section elementor-top-section elementor-element elementor-element-03d4265 elementor-section-boxed elementor-section-height-default elementor-section-height-default\" data-id=\"03d4265\" data-element_type=\"section\" data-e-type=\"section\">\n\t\t\t\t\t\t<div class=\"elementor-container elementor-column-gap-default\">\n\t\t\t\t\t<div class=\"elementor-column elementor-col-100 elementor-top-column elementor-element elementor-element-c7f3715\" data-id=\"c7f3715\" data-element_type=\"column\" data-e-type=\"column\">\n\t\t\t<div class=\"elementor-widget-wrap elementor-element-populated\">\n\t\t\t\t\t\t<div class=\"elementor-element elementor-element-73a996d elementor-widget elementor-widget-heading\" data-id=\"73a996d\" data-element_type=\"widget\" data-e-type=\"widget\" data-widget_type=\"heading.default\">\n\t\t\t\t<div class=\"elementor-widget-container\">\n\t\t\t\t\t<h2 class=\"elementor-heading-title elementor-size-default\">Accompanying means being at your side! Sometimes side by side in step, sometimes in front to show the way or behind to support. But never to be left alone!<\/h2>\t\t\t\t<\/div>\n\t\t\t\t<\/div>\n\t\t\t\t\t<\/div>\n\t\t<\/div>\n\t\t\t\t\t<\/div>\n\t\t<\/section>\n\t\t\t\t<section class=\"elementor-section elementor-top-section elementor-element elementor-element-e22e56a elementor-section-boxed elementor-section-height-default elementor-section-height-default\" data-id=\"e22e56a\" data-element_type=\"section\" data-e-type=\"section\">\n\t\t\t\t\t\t<div class=\"elementor-container elementor-column-gap-default\">\n\t\t\t\t\t<div class=\"elementor-column elementor-col-100 elementor-top-column elementor-element elementor-element-d5d8c21\" data-id=\"d5d8c21\" data-element_type=\"column\" data-e-type=\"column\">\n\t\t\t<div class=\"elementor-widget-wrap elementor-element-populated\">\n\t\t\t\t\t\t<div class=\"elementor-element elementor-element-27b2195 elementor-widget elementor-widget-text-editor\" data-id=\"27b2195\" data-element_type=\"widget\" data-e-type=\"widget\" data-widget_type=\"text-editor.default\">\n\t\t\t\t<div class=\"elementor-widget-container\">\n\t\t\t\t\t\t\t\t\t<h6 data-da-header=\"true\" data-da-id=\"158\" data-da-next=\"159\" data-da-prev=\"157\" data-da-focused=\"false\" data-da-down=\"159\" data-da-right=\"162\" data-da-up=\"153\">Psychosoziale\/ psychoonkologische Betreuung<\/h6>\t\t\t\t\t\t\t\t<\/div>\n\t\t\t\t<\/div>\n\t\t\t\t\t<\/div>\n\t\t<\/div>\n\t\t\t\t\t<\/div>\n\t\t<\/section>\n\t\t\t\t<section class=\"elementor-section elementor-top-section elementor-element elementor-element-e729467 elementor-section-boxed elementor-section-height-default elementor-section-height-default\" data-id=\"e729467\" data-element_type=\"section\" data-e-type=\"section\">\n\t\t\t\t\t\t<div class=\"elementor-container elementor-column-gap-default\">\n\t\t\t\t\t<div class=\"elementor-column elementor-col-100 elementor-top-column elementor-element elementor-element-1b92210\" data-id=\"1b92210\" data-element_type=\"column\" data-e-type=\"column\">\n\t\t\t<div class=\"elementor-widget-wrap elementor-element-populated\">\n\t\t\t\t\t\t<div class=\"elementor-element elementor-element-f121ff7 elementor-widget elementor-widget-text-editor\" data-id=\"f121ff7\" data-element_type=\"widget\" data-e-type=\"widget\" data-widget_type=\"text-editor.default\">\n\t\t\t\t<div class=\"elementor-widget-container\">\n\t\t\t\t\t\t\t\t\t<p>Psychosoziale Belastungen und St\u00f6rungen, die sich nicht nur auf den Patienten beschr\u00e4nken sondern auch nahe Angeh\u00f6rige mit einbeziehen k\u00f6nnen, sind bei Hirntumorpatienten h\u00e4ufig. Meistens \u00e4u\u00dfern sie sich in Form von \u00c4ngsten, gedr\u00fcckter Stimmung, Stimmungsschwankungen oder sozialem R\u00fcckzug. Da die psychoonkologische Unterst\u00fctzung von Patienten und ihren Angeh\u00f6rigen f\u00fcr uns ein unverzichtbarer Bestandteil der Behandlung von Hirntumorpatienten ist, scheuen sie sich nicht, auch von sich aus solche Probleme anzusprechen. Bei Feststellung einer behandlungsbed\u00fcrftigen psychischen Miterkrankung ist eine qualifizierte und angemessene psychotherapeutische bzw. psychoonkologische und ggf. medikament\u00f6se Mitbehandlung indiziert, die in der Regel durch speziell ausgebildete \u00c4rzte oder Psychologen durchgef\u00fchrt wird.<\/p>\t\t\t\t\t\t\t\t<\/div>\n\t\t\t\t<\/div>\n\t\t\t\t\t<\/div>\n\t\t<\/div>\n\t\t\t\t\t<\/div>\n\t\t<\/section>\n\t\t\t\t<section class=\"elementor-section elementor-top-section elementor-element elementor-element-b6060c8 elementor-section-boxed elementor-section-height-default elementor-section-height-default\" data-id=\"b6060c8\" data-element_type=\"section\" data-e-type=\"section\">\n\t\t\t\t\t\t<div class=\"elementor-container elementor-column-gap-default\">\n\t\t\t\t\t<div class=\"elementor-column elementor-col-100 elementor-top-column elementor-element elementor-element-bf7d03d\" data-id=\"bf7d03d\" data-element_type=\"column\" data-e-type=\"column\">\n\t\t\t<div class=\"elementor-widget-wrap elementor-element-populated\">\n\t\t\t\t\t\t<div class=\"elementor-element elementor-element-454f5c0 elementor-widget elementor-widget-text-editor\" data-id=\"454f5c0\" data-element_type=\"widget\" data-e-type=\"widget\" data-widget_type=\"text-editor.default\">\n\t\t\t\t<div class=\"elementor-widget-container\">\n\t\t\t\t\t\t\t\t\t<h6 data-da-header=\"true\" data-da-id=\"159\" data-da-next=\"160\" data-da-prev=\"158\" data-da-focused=\"false\" data-da-down=\"160\" data-da-right=\"163\" data-da-up=\"158\">Rehabilitation<\/h6>\t\t\t\t\t\t\t\t<\/div>\n\t\t\t\t<\/div>\n\t\t\t\t\t<\/div>\n\t\t<\/div>\n\t\t\t\t\t<\/div>\n\t\t<\/section>\n\t\t\t\t<section class=\"elementor-section elementor-top-section elementor-element elementor-element-ae82650 elementor-section-boxed elementor-section-height-default elementor-section-height-default\" data-id=\"ae82650\" data-element_type=\"section\" data-e-type=\"section\">\n\t\t\t\t\t\t<div class=\"elementor-container elementor-column-gap-default\">\n\t\t\t\t\t<div class=\"elementor-column elementor-col-100 elementor-top-column elementor-element elementor-element-8b2707f\" data-id=\"8b2707f\" data-element_type=\"column\" data-e-type=\"column\">\n\t\t\t<div class=\"elementor-widget-wrap elementor-element-populated\">\n\t\t\t\t\t\t<div class=\"elementor-element elementor-element-5df3ebc elementor-widget elementor-widget-text-editor\" data-id=\"5df3ebc\" data-element_type=\"widget\" data-e-type=\"widget\" data-widget_type=\"text-editor.default\">\n\t\t\t\t<div class=\"elementor-widget-container\">\n\t\t\t\t\t\t\t\t\t<p>W\u00e4hrend und vor allem nach Abschluss der tumorspezifischen Therapie eines Tumors des Zentralnervensystems ist die Indikation zu einer Rehabilitation zu pr\u00fcfen. Art und Ausma\u00df der Rehabilitationsma\u00dfnahmen h\u00e4ngen nicht nur vom neurologischen Zustand, sondern auch von Alter und Lebenssituation des Patienten und dem zu erwartenden biologischen Verhalten des Tumors ab. Je nach Rehabilitationsbed\u00fcrftigkeit kommt eine station\u00e4re, teilstation\u00e4re oder ambulante Rehabilitation im Anschluss an die Prim\u00e4rbehandlung in Frage. Dabei stehen zun\u00e4chst Rehabilitationsma\u00dfnahmen im Vordergrund, die auf die Verbesserung der neurologischen und neuropsychologischen Defizite abzielen. Die besondere Situation des Patienten als\u00a0<b>\u201e<\/b>Hirn&#8220;- und \u201eTumor&#8220;-Kranker\u00a0muss im Mittelpunkt der Rehabilitationsbem\u00fchungen stehen. Diese Ma\u00dfnahmen werden \u00fcber den Sozialdienst eingeleitet, der auch bei der Organisation von h\u00e4uslichen Hilfsmitteln, wie z.B. Pflegebett o.\u00e4. unterst\u00fctzt.<\/p><p>Weitere Informationen finden Sie <a href=\"https:\/\/web.ukm.de\/index.php?id=htz-psychosoziale-betreuung\" target=\"_blank\" rel=\"noopener\">hier<\/a><\/p>\t\t\t\t\t\t\t\t<\/div>\n\t\t\t\t<\/div>\n\t\t\t\t\t<\/div>\n\t\t<\/div>\n\t\t\t\t\t<\/div>\n\t\t<\/section>\n\t\t\t\t<\/div>","protected":false},"excerpt":{"rendered":"<p>Begleiten hei\u00dft, an der Seite sein! Mal nebeneinander im Gleichschritt, mal vorneweg um den Weg zu zeigen oder hinterher um zu unterst\u00fctzen. Niemals jedoch, allein &hellip;<\/p>","protected":false},"author":1,"featured_media":0,"parent":0,"menu_order":0,"comment_status":"closed","ping_status":"closed","template":"","meta":{"footnotes":""},"class_list":["post-84","page","type-page","status-publish","hentry"],"yoast_head":"<!-- This site is optimized with the Yoast SEO plugin v27.3 - https:\/\/yoast.com\/product\/yoast-seo-wordpress\/ -->\n<title>Die Begleittherapie - Psychoonkologie bewegt<\/title>\n<meta name=\"robots\" content=\"index, follow, max-snippet:-1, max-image-preview:large, max-video-preview:-1\" \/>\n<link rel=\"canonical\" href=\"https:\/\/psychoonkologiebewegt.de\/en\/die-therapie\/\" \/>\n<meta property=\"og:locale\" content=\"en_GB\" \/>\n<meta property=\"og:type\" content=\"article\" \/>\n<meta property=\"og:title\" content=\"Die Begleittherapie - Psychoonkologie bewegt\" \/>\n<meta property=\"og:description\" content=\"Begleiten hei\u00dft, an der Seite sein! Mal nebeneinander im Gleichschritt, mal vorneweg um den Weg zu zeigen oder hinterher um zu unterst\u00fctzen. Niemals jedoch, allein &hellip;\" \/>\n<meta property=\"og:url\" content=\"https:\/\/psychoonkologiebewegt.de\/en\/die-therapie\/\" \/>\n<meta property=\"og:site_name\" content=\"Psychoonkologie bewegt\" \/>\n<meta property=\"article:modified_time\" content=\"2022-08-02T07:19:50+00:00\" \/>\n<meta name=\"twitter:card\" content=\"summary_large_image\" \/>\n<meta name=\"twitter:label1\" content=\"Estimated reading time\" \/>\n\t<meta name=\"twitter:data1\" content=\"1 minute\" \/>\n<script type=\"application\/ld+json\" class=\"yoast-schema-graph\">{\"@context\":\"https:\\\/\\\/schema.org\",\"@graph\":[{\"@type\":\"WebPage\",\"@id\":\"https:\\\/\\\/psychoonkologiebewegt.de\\\/die-therapie\\\/\",\"url\":\"https:\\\/\\\/psychoonkologiebewegt.de\\\/die-therapie\\\/\",\"name\":\"Die Begleittherapie - Psychoonkologie bewegt\",\"isPartOf\":{\"@id\":\"https:\\\/\\\/psychoonkologiebewegt.de\\\/#website\"},\"datePublished\":\"2021-06-27T16:10:13+00:00\",\"dateModified\":\"2022-08-02T07:19:50+00:00\",\"breadcrumb\":{\"@id\":\"https:\\\/\\\/psychoonkologiebewegt.de\\\/die-therapie\\\/#breadcrumb\"},\"inLanguage\":\"en-GB\",\"potentialAction\":[{\"@type\":\"ReadAction\",\"target\":[\"https:\\\/\\\/psychoonkologiebewegt.de\\\/die-therapie\\\/\"]}]},{\"@type\":\"BreadcrumbList\",\"@id\":\"https:\\\/\\\/psychoonkologiebewegt.de\\\/die-therapie\\\/#breadcrumb\",\"itemListElement\":[{\"@type\":\"ListItem\",\"position\":1,\"name\":\"Startseite\",\"item\":\"https:\\\/\\\/psychoonkologiebewegt.de\\\/\"},{\"@type\":\"ListItem\",\"position\":2,\"name\":\"Die Begleittherapie\"}]},{\"@type\":\"WebSite\",\"@id\":\"https:\\\/\\\/psychoonkologiebewegt.de\\\/#website\",\"url\":\"https:\\\/\\\/psychoonkologiebewegt.de\\\/\",\"name\":\"Psychoonkologie bewegt\",\"description\":\"\",\"publisher\":{\"@id\":\"https:\\\/\\\/psychoonkologiebewegt.de\\\/#organization\"},\"potentialAction\":[{\"@type\":\"SearchAction\",\"target\":{\"@type\":\"EntryPoint\",\"urlTemplate\":\"https:\\\/\\\/psychoonkologiebewegt.de\\\/?s={search_term_string}\"},\"query-input\":{\"@type\":\"PropertyValueSpecification\",\"valueRequired\":true,\"valueName\":\"search_term_string\"}}],\"inLanguage\":\"en-GB\"},{\"@type\":\"Organization\",\"@id\":\"https:\\\/\\\/psychoonkologiebewegt.de\\\/#organization\",\"name\":\"Psychoonkologie bewegt\",\"url\":\"https:\\\/\\\/psychoonkologiebewegt.de\\\/\",\"logo\":{\"@type\":\"ImageObject\",\"inLanguage\":\"en-GB\",\"@id\":\"https:\\\/\\\/psychoonkologiebewegt.de\\\/#\\\/schema\\\/logo\\\/image\\\/\",\"url\":\"http:\\\/\\\/psychoonkologiebewegt.de\\\/wp-content\\\/uploads\\\/2022\\\/07\\\/Psychoonkologiebewegt.png\",\"contentUrl\":\"http:\\\/\\\/psychoonkologiebewegt.de\\\/wp-content\\\/uploads\\\/2022\\\/07\\\/Psychoonkologiebewegt.png\",\"width\":406,\"height\":729,\"caption\":\"Psychoonkologie bewegt\"},\"image\":{\"@id\":\"https:\\\/\\\/psychoonkologiebewegt.de\\\/#\\\/schema\\\/logo\\\/image\\\/\"}}]}<\/script>\n<!-- \/ Yoast SEO plugin. -->","yoast_head_json":{"title":"Die Begleittherapie - Psychoonkologie bewegt","robots":{"index":"index","follow":"follow","max-snippet":"max-snippet:-1","max-image-preview":"max-image-preview:large","max-video-preview":"max-video-preview:-1"},"canonical":"https:\/\/psychoonkologiebewegt.de\/en\/die-therapie\/","og_locale":"en_GB","og_type":"article","og_title":"Die Begleittherapie - Psychoonkologie bewegt","og_description":"Begleiten hei\u00dft, an der Seite sein! Mal nebeneinander im Gleichschritt, mal vorneweg um den Weg zu zeigen oder hinterher um zu unterst\u00fctzen. Niemals jedoch, allein &hellip;","og_url":"https:\/\/psychoonkologiebewegt.de\/en\/die-therapie\/","og_site_name":"Psychoonkologie bewegt","article_modified_time":"2022-08-02T07:19:50+00:00","twitter_card":"summary_large_image","twitter_misc":{"Estimated reading time":"1 minute"},"schema":{"@context":"https:\/\/schema.org","@graph":[{"@type":"WebPage","@id":"https:\/\/psychoonkologiebewegt.de\/die-therapie\/","url":"https:\/\/psychoonkologiebewegt.de\/die-therapie\/","name":"Die Begleittherapie - Psychoonkologie bewegt","isPartOf":{"@id":"https:\/\/psychoonkologiebewegt.de\/#website"},"datePublished":"2021-06-27T16:10:13+00:00","dateModified":"2022-08-02T07:19:50+00:00","breadcrumb":{"@id":"https:\/\/psychoonkologiebewegt.de\/die-therapie\/#breadcrumb"},"inLanguage":"en-GB","potentialAction":[{"@type":"ReadAction","target":["https:\/\/psychoonkologiebewegt.de\/die-therapie\/"]}]},{"@type":"BreadcrumbList","@id":"https:\/\/psychoonkologiebewegt.de\/die-therapie\/#breadcrumb","itemListElement":[{"@type":"ListItem","position":1,"name":"Startseite","item":"https:\/\/psychoonkologiebewegt.de\/"},{"@type":"ListItem","position":2,"name":"Die Begleittherapie"}]},{"@type":"WebSite","@id":"https:\/\/psychoonkologiebewegt.de\/#website","url":"https:\/\/psychoonkologiebewegt.de\/","name":"Psychooncology moves","description":"","publisher":{"@id":"https:\/\/psychoonkologiebewegt.de\/#organization"},"potentialAction":[{"@type":"SearchAction","target":{"@type":"EntryPoint","urlTemplate":"https:\/\/psychoonkologiebewegt.de\/?s={search_term_string}"},"query-input":{"@type":"PropertyValueSpecification","valueRequired":true,"valueName":"search_term_string"}}],"inLanguage":"en-GB"},{"@type":"Organization","@id":"https:\/\/psychoonkologiebewegt.de\/#organization","name":"Psychooncology moves","url":"https:\/\/psychoonkologiebewegt.de\/","logo":{"@type":"ImageObject","inLanguage":"en-GB","@id":"https:\/\/psychoonkologiebewegt.de\/#\/schema\/logo\/image\/","url":"http:\/\/psychoonkologiebewegt.de\/wp-content\/uploads\/2022\/07\/Psychoonkologiebewegt.png","contentUrl":"http:\/\/psychoonkologiebewegt.de\/wp-content\/uploads\/2022\/07\/Psychoonkologiebewegt.png","width":406,"height":729,"caption":"Psychoonkologie bewegt"},"image":{"@id":"https:\/\/psychoonkologiebewegt.de\/#\/schema\/logo\/image\/"}}]}},"_links":{"self":[{"href":"https:\/\/psychoonkologiebewegt.de\/en\/wp-json\/wp\/v2\/pages\/84","targetHints":{"allow":["GET"]}}],"collection":[{"href":"https:\/\/psychoonkologiebewegt.de\/en\/wp-json\/wp\/v2\/pages"}],"about":[{"href":"https:\/\/psychoonkologiebewegt.de\/en\/wp-json\/wp\/v2\/types\/page"}],"author":[{"embeddable":true,"href":"https:\/\/psychoonkologiebewegt.de\/en\/wp-json\/wp\/v2\/users\/1"}],"replies":[{"embeddable":true,"href":"https:\/\/psychoonkologiebewegt.de\/en\/wp-json\/wp\/v2\/comments?post=84"}],"version-history":[{"count":12,"href":"https:\/\/psychoonkologiebewegt.de\/en\/wp-json\/wp\/v2\/pages\/84\/revisions"}],"predecessor-version":[{"id":1870,"href":"https:\/\/psychoonkologiebewegt.de\/en\/wp-json\/wp\/v2\/pages\/84\/revisions\/1870"}],"wp:attachment":[{"href":"https:\/\/psychoonkologiebewegt.de\/en\/wp-json\/wp\/v2\/media?parent=84"}],"curies":[{"name":"wp","href":"https:\/\/api.w.org\/{rel}","templated":true}]}}