{"id":618,"date":"2021-07-15T13:58:48","date_gmt":"2021-07-15T13:58:48","guid":{"rendered":"https:\/\/psychoonkologiebewegt.de\/?page_id=618"},"modified":"2022-06-08T09:59:18","modified_gmt":"2022-06-08T09:59:18","slug":"die-publikationen","status":"publish","type":"page","link":"https:\/\/psychoonkologiebewegt.de\/en\/die-publikationen\/","title":{"rendered":"The Publications"},"content":{"rendered":"<div data-elementor-type=\"wp-page\" data-elementor-id=\"618\" class=\"elementor elementor-618\">\n\t\t\t\t\t\t<section class=\"elementor-section elementor-top-section elementor-element elementor-element-aec2903 elementor-section-boxed elementor-section-height-default elementor-section-height-default\" data-id=\"aec2903\" data-element_type=\"section\" data-e-type=\"section\">\n\t\t\t\t\t\t<div class=\"elementor-container elementor-column-gap-default\">\n\t\t\t\t\t<div class=\"elementor-column elementor-col-100 elementor-top-column elementor-element elementor-element-a04c697\" data-id=\"a04c697\" data-element_type=\"column\" data-e-type=\"column\">\n\t\t\t<div class=\"elementor-widget-wrap elementor-element-populated\">\n\t\t\t\t\t\t<div class=\"elementor-element elementor-element-0d6bb94 elementor-widget elementor-widget-heading\" data-id=\"0d6bb94\" data-element_type=\"widget\" data-e-type=\"widget\" data-widget_type=\"heading.default\">\n\t\t\t\t<div class=\"elementor-widget-container\">\n\t\t\t\t\t<h2 class=\"elementor-heading-title elementor-size-default\">The mission of research is not only to do research, but also to bring new findings and new knowledge to the public, to make something public!<\/h2>\t\t\t\t<\/div>\n\t\t\t\t<\/div>\n\t\t\t\t\t<\/div>\n\t\t<\/div>\n\t\t\t\t\t<\/div>\n\t\t<\/section>\n\t\t\t\t<section class=\"elementor-section elementor-top-section elementor-element elementor-element-e11a3f2 elementor-section-boxed elementor-section-height-default elementor-section-height-default\" data-id=\"e11a3f2\" data-element_type=\"section\" data-e-type=\"section\">\n\t\t\t\t\t\t<div class=\"elementor-container elementor-column-gap-default\">\n\t\t\t\t\t<div class=\"elementor-column elementor-col-100 elementor-top-column elementor-element elementor-element-9780ff2\" data-id=\"9780ff2\" data-element_type=\"column\" data-e-type=\"column\">\n\t\t\t<div class=\"elementor-widget-wrap elementor-element-populated\">\n\t\t\t\t\t\t<div class=\"elementor-element elementor-element-6403430 elementor-widget elementor-widget-text-editor\" data-id=\"6403430\" data-element_type=\"widget\" data-e-type=\"widget\" data-widget_type=\"text-editor.default\">\n\t\t\t\t<div class=\"elementor-widget-container\">\n\t\t\t\t\t\t\t\t\t<h5><strong>Anbei eine Auswahl an Publikationen aus der Arbeitsgruppe Wiewrodt<\/strong><\/h5><h5>Publikationen<\/h5><p>Weiss Lucas C, Renovanz M, Jost J, SabelM, <strong>Wiewrodt D,<\/strong> Rapp M:<strong> Assesment Practice of Patient-Centered Outcomes in surgical neurooncology: Survey based recommendations for clinical routine.<\/strong> Frontiers in Oncology 2021<\/p><p><strong>Wiewrodt, D.<\/strong> Wigger, M&#8230;.: . In: ..Hampe, R., Wigger, M. (Hrg.): &#8230; Freiburg, Alber Verlag (2020). S 94-117.\u00a0 \u00a0<\/p><p>Troschel FM, Ahndorf F, Wille LM, Brandt R, Jost J, Rekowski S, Eich HT, Stummer W, Wiewrodt R, Jetschke K, <strong>Wiewrodt D<\/strong>: <strong>Quality of life in brain tumor patients and their relatives heavily depends on social support factors during the Covid-19 pandemic.<\/strong> Cancers 2021<\/p><p>Troschel FM, Ramroth C, Lemcke L, Clasing J, Troschel A, Dugas M, Stummer W, Wiewrodt R, Brandt R, <b>Wiewrodt D<\/b>: <strong><i>Feasibility, safety and effects of a one-week, ski-based exercise intervention in brain tumor patients and their relatives: a pilot study<\/i><\/strong>, J Clin Med, 2020, Apr 2;9(4):1006<\/p><p>Troschel FM, Brandt R, Wiewrodt R, Stummer W, <b>Wiewrodt D<\/b>: <strong><em>High-Intensity Physical Exercise in a Glioblastoma Patient under Multimodal Treatment<\/em><\/strong>. Med Sci Sports Exerc. 2019 Dec;51(12):2429-2433<\/p><p>Wigger M, <b>Wiewrodt D<\/b>: <strong><em>Fotografie als Orientierungshilfe und Selbstvergewisserung. Neue Medien als Ressource im Umgang mit einer aphasischen St\u00f6rung im Rahmen einer Hirntumorerkrankung<\/em><\/strong>. Psychotherapie im Alter, 2019, 16(4), 407-420<\/p><p>Rapp M, Schipmann S, Hoffmann K, Wiewrodt R, Steiger HJ, Kamp M, Stummer W, <b>Wiewrodt D<\/b>*, Sabel M*: I<em><strong>mpact of distress screening algorithm for psycho-oncological needs in neurosurgical patients.<\/strong><\/em> Oncotarget. 2018 Aug 3;9(60):31650-31663 (*geteilte Letztautorenschaft)<\/p><p>Stieb S, Fischbeck S, Wagner W, Appels J, <b>Wiewrodt D<\/b>: <strong><em>High psychosocial burden in relatives of malignant brain tumor patients<\/em><\/strong>.Clin Neurol Neurosurg. 2018 Jul;170:1-6<\/p><p>Schipmann S, Suero Molina E, Frasch A, Stummer W, <b>Wiewrodt D<\/b>: <strong><em>Initial psycho-oncological counselling in neuro-oncology: analysis of topics and needs of brain tumour patients.<\/em><\/strong>J Neurooncol. 2018 Feb;136(3):505-514<\/p><p>Fischbeck S, Kohlhof H, Hardt J, Hertel F, <b>Wiewrodt D<\/b>: <strong><em>Burden and need for psychosocial intervention of glioblastoma patients.<\/em><\/strong> Psychother Psychosom Med Psychol. 2011 Dec;61(12):518-24<\/p><p><b>Wiewrodt D<\/b>: <strong><em>Psychooncological aspects on patients with brain tumors.<\/em><\/strong> Nervenheilkunde 2012; 31(09): 634-639<\/p><p><b>Wiewrodt D<\/b>: <strong><em>Psychoonkologische Versorgung von Hirntumorpatienten.<\/em><\/strong> Onkologe, 2019; 25:67-72<\/p><p><strong>Wiewrodt, D.<\/strong> Wigger, M.: <strong>Linda hat einen heilen Kern- Psychodynamik in der psychoonkologischen und<\/strong><br \/><strong>kunsttherapeutischen Begleitung<\/strong>. In: Franzen, G., Hampe, R., Wigger, M. (Hrg.): Zur Psychodynamik kreativen Gestaltens. K\u00fcnstlerische Therapien in klinischen und psychosozialen Arbeitsfeldern. Freiburg, Alber Verlag (2020). S 94-117.\u00a0\u00a0\u00a0<\/p><p><strong>Wiewrodt, D.<\/strong>: Kunst als Lebensmittel, Kunst als \u00dcberlebensmitte.<strong> Ein Pilotprojekt zwischen der Neurochirurgie des Universit\u00e4tsklinikums, dem Kunstmuseum Pablo Picasso und der Malwerkstatt M\u00fcnster.<\/strong> In: Duncker H, Hampe, R., Wigger, M. (Hrg.): Gestalten &#8211; Gesunden. Zur Salutogenese in den K\u00fcnstlerischen Therapien, Alber Verlag (2018). S 49-58.\u00a0\u00a0\u00a0<\/p><h5><strong>Abgeschlossene Doktorarbeiten\u00a0<br \/><\/strong><\/h5><p>\u201eAnliegen und Belastungen von Hirntumorpatienten im psychoonkologischen Erstgespr\u00e4ch\u00a0\u00a0\u00a0\u00a0\u00a0 (A. Frasch, 2020)<\/p><p>\u201eMachbarkeit, Sicherheit und Effekte einer einw\u00f6chigen Skisportexkursion mit Hirntumorpatienten und ihren Angeh\u00f6rigen- Ein Pilotprojekt\u201c (C. Ramroth, 2020)<\/p><p>\u201eHirntumorpatienten und Sport &#8211; ein (un-)tragbares Risiko?\u201c (U. Altuner, 2021)<\/p><h5><strong>Abgeschlossene Masterarbeiten (in Kooperation mit Prof. M. Kr\u00fcger, Institut f\u00fcr Sportwissenschaft)<br \/><\/strong><\/h5><p>\u201eK\u00f6rperliches Training mit Hirntumorpatienten\u201c (C. Oenning, 2017)<\/p><p>\u201eKognitive Leistungen von Glioblastompatienten &#8211; M\u00f6gliche Einfl\u00fcsse von Operation und k\u00f6rperlichem Training.\u201c (J. Jost, 2020)<\/p>\t\t\t\t\t\t\t\t<\/div>\n\t\t\t\t<\/div>\n\t\t\t\t\t<\/div>\n\t\t<\/div>\n\t\t\t\t\t<\/div>\n\t\t<\/section>\n\t\t\t\t<\/div>","protected":false},"excerpt":{"rendered":"<p>Der Auftrag der Forschung besteht nicht nur darin, zu forschen, sondern auch darin, neue Erkenntnisse und neues Wissen an die \u00d6ffentlichkeit zu bringen, etwas publik &hellip;<\/p>","protected":false},"author":1,"featured_media":0,"parent":0,"menu_order":0,"comment_status":"closed","ping_status":"closed","template":"","meta":{"footnotes":""},"class_list":["post-618","page","type-page","status-publish","hentry"],"yoast_head":"<!-- This site is optimized with the Yoast SEO plugin v27.3 - https:\/\/yoast.com\/product\/yoast-seo-wordpress\/ -->\n<title>Die Publikationen - Psychoonkologie bewegt<\/title>\n<meta name=\"robots\" content=\"index, follow, max-snippet:-1, max-image-preview:large, max-video-preview:-1\" \/>\n<link rel=\"canonical\" href=\"https:\/\/psychoonkologiebewegt.de\/en\/die-publikationen\/\" \/>\n<meta property=\"og:locale\" content=\"en_GB\" \/>\n<meta property=\"og:type\" content=\"article\" \/>\n<meta property=\"og:title\" content=\"Die Publikationen - Psychoonkologie bewegt\" \/>\n<meta property=\"og:description\" content=\"Der Auftrag der Forschung besteht nicht nur darin, zu forschen, sondern auch darin, neue Erkenntnisse und neues Wissen an die \u00d6ffentlichkeit zu bringen, etwas publik &hellip;\" \/>\n<meta property=\"og:url\" content=\"https:\/\/psychoonkologiebewegt.de\/en\/die-publikationen\/\" \/>\n<meta property=\"og:site_name\" content=\"Psychoonkologie bewegt\" \/>\n<meta property=\"article:modified_time\" content=\"2022-06-08T09:59:18+00:00\" \/>\n<meta name=\"twitter:card\" content=\"summary_large_image\" \/>\n<meta name=\"twitter:label1\" content=\"Estimated reading time\" \/>\n\t<meta name=\"twitter:data1\" content=\"3 minutes\" \/>\n<script type=\"application\/ld+json\" class=\"yoast-schema-graph\">{\"@context\":\"https:\\\/\\\/schema.org\",\"@graph\":[{\"@type\":\"WebPage\",\"@id\":\"https:\\\/\\\/psychoonkologiebewegt.de\\\/die-publikationen\\\/\",\"url\":\"https:\\\/\\\/psychoonkologiebewegt.de\\\/die-publikationen\\\/\",\"name\":\"Die Publikationen - Psychoonkologie bewegt\",\"isPartOf\":{\"@id\":\"https:\\\/\\\/psychoonkologiebewegt.de\\\/#website\"},\"datePublished\":\"2021-07-15T13:58:48+00:00\",\"dateModified\":\"2022-06-08T09:59:18+00:00\",\"breadcrumb\":{\"@id\":\"https:\\\/\\\/psychoonkologiebewegt.de\\\/die-publikationen\\\/#breadcrumb\"},\"inLanguage\":\"en-GB\",\"potentialAction\":[{\"@type\":\"ReadAction\",\"target\":[\"https:\\\/\\\/psychoonkologiebewegt.de\\\/die-publikationen\\\/\"]}]},{\"@type\":\"BreadcrumbList\",\"@id\":\"https:\\\/\\\/psychoonkologiebewegt.de\\\/die-publikationen\\\/#breadcrumb\",\"itemListElement\":[{\"@type\":\"ListItem\",\"position\":1,\"name\":\"Startseite\",\"item\":\"https:\\\/\\\/psychoonkologiebewegt.de\\\/\"},{\"@type\":\"ListItem\",\"position\":2,\"name\":\"Die Publikationen\"}]},{\"@type\":\"WebSite\",\"@id\":\"https:\\\/\\\/psychoonkologiebewegt.de\\\/#website\",\"url\":\"https:\\\/\\\/psychoonkologiebewegt.de\\\/\",\"name\":\"Psychoonkologie bewegt\",\"description\":\"\",\"publisher\":{\"@id\":\"https:\\\/\\\/psychoonkologiebewegt.de\\\/#organization\"},\"potentialAction\":[{\"@type\":\"SearchAction\",\"target\":{\"@type\":\"EntryPoint\",\"urlTemplate\":\"https:\\\/\\\/psychoonkologiebewegt.de\\\/?s={search_term_string}\"},\"query-input\":{\"@type\":\"PropertyValueSpecification\",\"valueRequired\":true,\"valueName\":\"search_term_string\"}}],\"inLanguage\":\"en-GB\"},{\"@type\":\"Organization\",\"@id\":\"https:\\\/\\\/psychoonkologiebewegt.de\\\/#organization\",\"name\":\"Psychoonkologie bewegt\",\"url\":\"https:\\\/\\\/psychoonkologiebewegt.de\\\/\",\"logo\":{\"@type\":\"ImageObject\",\"inLanguage\":\"en-GB\",\"@id\":\"https:\\\/\\\/psychoonkologiebewegt.de\\\/#\\\/schema\\\/logo\\\/image\\\/\",\"url\":\"http:\\\/\\\/psychoonkologiebewegt.de\\\/wp-content\\\/uploads\\\/2022\\\/07\\\/Psychoonkologiebewegt.png\",\"contentUrl\":\"http:\\\/\\\/psychoonkologiebewegt.de\\\/wp-content\\\/uploads\\\/2022\\\/07\\\/Psychoonkologiebewegt.png\",\"width\":406,\"height\":729,\"caption\":\"Psychoonkologie bewegt\"},\"image\":{\"@id\":\"https:\\\/\\\/psychoonkologiebewegt.de\\\/#\\\/schema\\\/logo\\\/image\\\/\"}}]}<\/script>\n<!-- \/ Yoast SEO plugin. -->","yoast_head_json":{"title":"Die Publikationen - Psychoonkologie bewegt","robots":{"index":"index","follow":"follow","max-snippet":"max-snippet:-1","max-image-preview":"max-image-preview:large","max-video-preview":"max-video-preview:-1"},"canonical":"https:\/\/psychoonkologiebewegt.de\/en\/die-publikationen\/","og_locale":"en_GB","og_type":"article","og_title":"Die Publikationen - Psychoonkologie bewegt","og_description":"Der Auftrag der Forschung besteht nicht nur darin, zu forschen, sondern auch darin, neue Erkenntnisse und neues Wissen an die \u00d6ffentlichkeit zu bringen, etwas publik &hellip;","og_url":"https:\/\/psychoonkologiebewegt.de\/en\/die-publikationen\/","og_site_name":"Psychoonkologie bewegt","article_modified_time":"2022-06-08T09:59:18+00:00","twitter_card":"summary_large_image","twitter_misc":{"Estimated reading time":"3 minutes"},"schema":{"@context":"https:\/\/schema.org","@graph":[{"@type":"WebPage","@id":"https:\/\/psychoonkologiebewegt.de\/die-publikationen\/","url":"https:\/\/psychoonkologiebewegt.de\/die-publikationen\/","name":"Die Publikationen - Psychoonkologie bewegt","isPartOf":{"@id":"https:\/\/psychoonkologiebewegt.de\/#website"},"datePublished":"2021-07-15T13:58:48+00:00","dateModified":"2022-06-08T09:59:18+00:00","breadcrumb":{"@id":"https:\/\/psychoonkologiebewegt.de\/die-publikationen\/#breadcrumb"},"inLanguage":"en-GB","potentialAction":[{"@type":"ReadAction","target":["https:\/\/psychoonkologiebewegt.de\/die-publikationen\/"]}]},{"@type":"BreadcrumbList","@id":"https:\/\/psychoonkologiebewegt.de\/die-publikationen\/#breadcrumb","itemListElement":[{"@type":"ListItem","position":1,"name":"Startseite","item":"https:\/\/psychoonkologiebewegt.de\/"},{"@type":"ListItem","position":2,"name":"Die Publikationen"}]},{"@type":"WebSite","@id":"https:\/\/psychoonkologiebewegt.de\/#website","url":"https:\/\/psychoonkologiebewegt.de\/","name":"Psychooncology moves","description":"","publisher":{"@id":"https:\/\/psychoonkologiebewegt.de\/#organization"},"potentialAction":[{"@type":"SearchAction","target":{"@type":"EntryPoint","urlTemplate":"https:\/\/psychoonkologiebewegt.de\/?s={search_term_string}"},"query-input":{"@type":"PropertyValueSpecification","valueRequired":true,"valueName":"search_term_string"}}],"inLanguage":"en-GB"},{"@type":"Organization","@id":"https:\/\/psychoonkologiebewegt.de\/#organization","name":"Psychooncology moves","url":"https:\/\/psychoonkologiebewegt.de\/","logo":{"@type":"ImageObject","inLanguage":"en-GB","@id":"https:\/\/psychoonkologiebewegt.de\/#\/schema\/logo\/image\/","url":"http:\/\/psychoonkologiebewegt.de\/wp-content\/uploads\/2022\/07\/Psychoonkologiebewegt.png","contentUrl":"http:\/\/psychoonkologiebewegt.de\/wp-content\/uploads\/2022\/07\/Psychoonkologiebewegt.png","width":406,"height":729,"caption":"Psychoonkologie bewegt"},"image":{"@id":"https:\/\/psychoonkologiebewegt.de\/#\/schema\/logo\/image\/"}}]}},"_links":{"self":[{"href":"https:\/\/psychoonkologiebewegt.de\/en\/wp-json\/wp\/v2\/pages\/618","targetHints":{"allow":["GET"]}}],"collection":[{"href":"https:\/\/psychoonkologiebewegt.de\/en\/wp-json\/wp\/v2\/pages"}],"about":[{"href":"https:\/\/psychoonkologiebewegt.de\/en\/wp-json\/wp\/v2\/types\/page"}],"author":[{"embeddable":true,"href":"https:\/\/psychoonkologiebewegt.de\/en\/wp-json\/wp\/v2\/users\/1"}],"replies":[{"embeddable":true,"href":"https:\/\/psychoonkologiebewegt.de\/en\/wp-json\/wp\/v2\/comments?post=618"}],"version-history":[{"count":45,"href":"https:\/\/psychoonkologiebewegt.de\/en\/wp-json\/wp\/v2\/pages\/618\/revisions"}],"predecessor-version":[{"id":1673,"href":"https:\/\/psychoonkologiebewegt.de\/en\/wp-json\/wp\/v2\/pages\/618\/revisions\/1673"}],"wp:attachment":[{"href":"https:\/\/psychoonkologiebewegt.de\/en\/wp-json\/wp\/v2\/media?parent=618"}],"curies":[{"name":"wp","href":"https:\/\/api.w.org\/{rel}","templated":true}]}}