{"id":3042,"date":"2023-06-18T20:26:38","date_gmt":"2023-06-18T20:26:38","guid":{"rendered":"https:\/\/psychoonkologiebewegt.de\/?page_id=3042"},"modified":"2023-06-19T11:21:57","modified_gmt":"2023-06-19T11:21:57","slug":"der-lichtblick","status":"publish","type":"page","link":"https:\/\/psychoonkologiebewegt.de\/en\/der-lichtblick\/","title":{"rendered":"Der Lichtblick"},"content":{"rendered":"<div data-elementor-type=\"wp-page\" data-elementor-id=\"3042\" class=\"elementor elementor-3042\">\n\t\t\t\t\t\t<section class=\"elementor-section elementor-top-section elementor-element elementor-element-5ceac92 elementor-section-boxed elementor-section-height-default elementor-section-height-default\" data-id=\"5ceac92\" data-element_type=\"section\" data-e-type=\"section\">\n\t\t\t\t\t\t<div class=\"elementor-container elementor-column-gap-default\">\n\t\t\t\t\t<div class=\"elementor-column elementor-col-100 elementor-top-column elementor-element elementor-element-df5c2f7\" data-id=\"df5c2f7\" data-element_type=\"column\" data-e-type=\"column\">\n\t\t\t<div class=\"elementor-widget-wrap elementor-element-populated\">\n\t\t\t\t\t\t<div class=\"elementor-element elementor-element-75684d0 elementor-widget elementor-widget-heading\" data-id=\"75684d0\" data-element_type=\"widget\" data-e-type=\"widget\" data-widget_type=\"heading.default\">\n\t\t\t\t<div class=\"elementor-widget-container\">\n\t\t\t\t\t<h2 class=\"elementor-heading-title elementor-size-default\">Manchesmal gibt es Dinge, die man selber sieht, aber f\u00fcr Andere nicht sichtbar sind. F\u00fcr einen Selbst ergibt sich dadurch eine neue M\u00f6glichkeit, ein Lichtblick. F\u00fcr Au\u00dfenstehende ist es eine Illusion. Trotzdem gilt: auch \u00fcber einen Lichtblick darf man sprechen!!<\/h2>\t\t\t\t<\/div>\n\t\t\t\t<\/div>\n\t\t\t\t\t<\/div>\n\t\t<\/div>\n\t\t\t\t\t<\/div>\n\t\t<\/section>\n\t\t\t\t<\/div>","protected":false},"excerpt":{"rendered":"<p>Manchesmal gibt es Dinge, die man selber sieht, aber f\u00fcr Andere nicht sichtbar sind. F\u00fcr einen Selbst ergibt sich dadurch eine neue M\u00f6glichkeit, ein Lichtblick. &hellip;<\/p>","protected":false},"author":1,"featured_media":0,"parent":0,"menu_order":0,"comment_status":"closed","ping_status":"closed","template":"","meta":{"footnotes":""},"class_list":["post-3042","page","type-page","status-publish","hentry"],"yoast_head":"<!-- This site is optimized with the Yoast SEO plugin v27.3 - https:\/\/yoast.com\/product\/yoast-seo-wordpress\/ -->\n<title>Der Lichtblick - Psychoonkologie bewegt<\/title>\n<meta name=\"robots\" content=\"index, follow, max-snippet:-1, max-image-preview:large, max-video-preview:-1\" \/>\n<link rel=\"canonical\" href=\"https:\/\/psychoonkologiebewegt.de\/en\/der-lichtblick\/\" \/>\n<meta property=\"og:locale\" content=\"en_GB\" \/>\n<meta property=\"og:type\" content=\"article\" \/>\n<meta property=\"og:title\" content=\"Der Lichtblick - Psychoonkologie bewegt\" \/>\n<meta property=\"og:description\" content=\"Manchesmal gibt es Dinge, die man selber sieht, aber f\u00fcr Andere nicht sichtbar sind. F\u00fcr einen Selbst ergibt sich dadurch eine neue M\u00f6glichkeit, ein Lichtblick. &hellip;\" \/>\n<meta property=\"og:url\" content=\"https:\/\/psychoonkologiebewegt.de\/en\/der-lichtblick\/\" \/>\n<meta property=\"og:site_name\" content=\"Psychoonkologie bewegt\" \/>\n<meta property=\"article:modified_time\" content=\"2023-06-19T11:21:57+00:00\" \/>\n<meta name=\"twitter:card\" content=\"summary_large_image\" \/>\n<meta name=\"twitter:label1\" content=\"Estimated reading time\" \/>\n\t<meta name=\"twitter:data1\" content=\"1 minute\" \/>\n<script type=\"application\/ld+json\" class=\"yoast-schema-graph\">{\"@context\":\"https:\\\/\\\/schema.org\",\"@graph\":[{\"@type\":\"WebPage\",\"@id\":\"https:\\\/\\\/psychoonkologiebewegt.de\\\/der-lichtblick\\\/\",\"url\":\"https:\\\/\\\/psychoonkologiebewegt.de\\\/der-lichtblick\\\/\",\"name\":\"Der Lichtblick - Psychoonkologie bewegt\",\"isPartOf\":{\"@id\":\"https:\\\/\\\/psychoonkologiebewegt.de\\\/#website\"},\"datePublished\":\"2023-06-18T20:26:38+00:00\",\"dateModified\":\"2023-06-19T11:21:57+00:00\",\"breadcrumb\":{\"@id\":\"https:\\\/\\\/psychoonkologiebewegt.de\\\/der-lichtblick\\\/#breadcrumb\"},\"inLanguage\":\"en-GB\",\"potentialAction\":[{\"@type\":\"ReadAction\",\"target\":[\"https:\\\/\\\/psychoonkologiebewegt.de\\\/der-lichtblick\\\/\"]}]},{\"@type\":\"BreadcrumbList\",\"@id\":\"https:\\\/\\\/psychoonkologiebewegt.de\\\/der-lichtblick\\\/#breadcrumb\",\"itemListElement\":[{\"@type\":\"ListItem\",\"position\":1,\"name\":\"Startseite\",\"item\":\"https:\\\/\\\/psychoonkologiebewegt.de\\\/\"},{\"@type\":\"ListItem\",\"position\":2,\"name\":\"Der Lichtblick\"}]},{\"@type\":\"WebSite\",\"@id\":\"https:\\\/\\\/psychoonkologiebewegt.de\\\/#website\",\"url\":\"https:\\\/\\\/psychoonkologiebewegt.de\\\/\",\"name\":\"Psychoonkologie bewegt\",\"description\":\"\",\"publisher\":{\"@id\":\"https:\\\/\\\/psychoonkologiebewegt.de\\\/#organization\"},\"potentialAction\":[{\"@type\":\"SearchAction\",\"target\":{\"@type\":\"EntryPoint\",\"urlTemplate\":\"https:\\\/\\\/psychoonkologiebewegt.de\\\/?s={search_term_string}\"},\"query-input\":{\"@type\":\"PropertyValueSpecification\",\"valueRequired\":true,\"valueName\":\"search_term_string\"}}],\"inLanguage\":\"en-GB\"},{\"@type\":\"Organization\",\"@id\":\"https:\\\/\\\/psychoonkologiebewegt.de\\\/#organization\",\"name\":\"Psychoonkologie bewegt\",\"url\":\"https:\\\/\\\/psychoonkologiebewegt.de\\\/\",\"logo\":{\"@type\":\"ImageObject\",\"inLanguage\":\"en-GB\",\"@id\":\"https:\\\/\\\/psychoonkologiebewegt.de\\\/#\\\/schema\\\/logo\\\/image\\\/\",\"url\":\"http:\\\/\\\/psychoonkologiebewegt.de\\\/wp-content\\\/uploads\\\/2022\\\/07\\\/Psychoonkologiebewegt.png\",\"contentUrl\":\"http:\\\/\\\/psychoonkologiebewegt.de\\\/wp-content\\\/uploads\\\/2022\\\/07\\\/Psychoonkologiebewegt.png\",\"width\":406,\"height\":729,\"caption\":\"Psychoonkologie bewegt\"},\"image\":{\"@id\":\"https:\\\/\\\/psychoonkologiebewegt.de\\\/#\\\/schema\\\/logo\\\/image\\\/\"}}]}<\/script>\n<!-- \/ Yoast SEO plugin. -->","yoast_head_json":{"title":"Der Lichtblick - Psychoonkologie bewegt","robots":{"index":"index","follow":"follow","max-snippet":"max-snippet:-1","max-image-preview":"max-image-preview:large","max-video-preview":"max-video-preview:-1"},"canonical":"https:\/\/psychoonkologiebewegt.de\/en\/der-lichtblick\/","og_locale":"en_GB","og_type":"article","og_title":"Der Lichtblick - Psychoonkologie bewegt","og_description":"Manchesmal gibt es Dinge, die man selber sieht, aber f\u00fcr Andere nicht sichtbar sind. F\u00fcr einen Selbst ergibt sich dadurch eine neue M\u00f6glichkeit, ein Lichtblick. &hellip;","og_url":"https:\/\/psychoonkologiebewegt.de\/en\/der-lichtblick\/","og_site_name":"Psychoonkologie bewegt","article_modified_time":"2023-06-19T11:21:57+00:00","twitter_card":"summary_large_image","twitter_misc":{"Estimated reading time":"1 minute"},"schema":{"@context":"https:\/\/schema.org","@graph":[{"@type":"WebPage","@id":"https:\/\/psychoonkologiebewegt.de\/der-lichtblick\/","url":"https:\/\/psychoonkologiebewegt.de\/der-lichtblick\/","name":"Der Lichtblick - Psychoonkologie bewegt","isPartOf":{"@id":"https:\/\/psychoonkologiebewegt.de\/#website"},"datePublished":"2023-06-18T20:26:38+00:00","dateModified":"2023-06-19T11:21:57+00:00","breadcrumb":{"@id":"https:\/\/psychoonkologiebewegt.de\/der-lichtblick\/#breadcrumb"},"inLanguage":"en-GB","potentialAction":[{"@type":"ReadAction","target":["https:\/\/psychoonkologiebewegt.de\/der-lichtblick\/"]}]},{"@type":"BreadcrumbList","@id":"https:\/\/psychoonkologiebewegt.de\/der-lichtblick\/#breadcrumb","itemListElement":[{"@type":"ListItem","position":1,"name":"Startseite","item":"https:\/\/psychoonkologiebewegt.de\/"},{"@type":"ListItem","position":2,"name":"Der Lichtblick"}]},{"@type":"WebSite","@id":"https:\/\/psychoonkologiebewegt.de\/#website","url":"https:\/\/psychoonkologiebewegt.de\/","name":"Psychooncology moves","description":"","publisher":{"@id":"https:\/\/psychoonkologiebewegt.de\/#organization"},"potentialAction":[{"@type":"SearchAction","target":{"@type":"EntryPoint","urlTemplate":"https:\/\/psychoonkologiebewegt.de\/?s={search_term_string}"},"query-input":{"@type":"PropertyValueSpecification","valueRequired":true,"valueName":"search_term_string"}}],"inLanguage":"en-GB"},{"@type":"Organization","@id":"https:\/\/psychoonkologiebewegt.de\/#organization","name":"Psychooncology moves","url":"https:\/\/psychoonkologiebewegt.de\/","logo":{"@type":"ImageObject","inLanguage":"en-GB","@id":"https:\/\/psychoonkologiebewegt.de\/#\/schema\/logo\/image\/","url":"http:\/\/psychoonkologiebewegt.de\/wp-content\/uploads\/2022\/07\/Psychoonkologiebewegt.png","contentUrl":"http:\/\/psychoonkologiebewegt.de\/wp-content\/uploads\/2022\/07\/Psychoonkologiebewegt.png","width":406,"height":729,"caption":"Psychoonkologie bewegt"},"image":{"@id":"https:\/\/psychoonkologiebewegt.de\/#\/schema\/logo\/image\/"}}]}},"_links":{"self":[{"href":"https:\/\/psychoonkologiebewegt.de\/en\/wp-json\/wp\/v2\/pages\/3042","targetHints":{"allow":["GET"]}}],"collection":[{"href":"https:\/\/psychoonkologiebewegt.de\/en\/wp-json\/wp\/v2\/pages"}],"about":[{"href":"https:\/\/psychoonkologiebewegt.de\/en\/wp-json\/wp\/v2\/types\/page"}],"author":[{"embeddable":true,"href":"https:\/\/psychoonkologiebewegt.de\/en\/wp-json\/wp\/v2\/users\/1"}],"replies":[{"embeddable":true,"href":"https:\/\/psychoonkologiebewegt.de\/en\/wp-json\/wp\/v2\/comments?post=3042"}],"version-history":[{"count":7,"href":"https:\/\/psychoonkologiebewegt.de\/en\/wp-json\/wp\/v2\/pages\/3042\/revisions"}],"predecessor-version":[{"id":3059,"href":"https:\/\/psychoonkologiebewegt.de\/en\/wp-json\/wp\/v2\/pages\/3042\/revisions\/3059"}],"wp:attachment":[{"href":"https:\/\/psychoonkologiebewegt.de\/en\/wp-json\/wp\/v2\/media?parent=3042"}],"curies":[{"name":"wp","href":"https:\/\/api.w.org\/{rel}","templated":true}]}}