{"id":2354,"date":"2022-10-26T20:15:06","date_gmt":"2022-10-26T20:15:06","guid":{"rendered":"https:\/\/psychoonkologiebewegt.de\/?page_id=2354"},"modified":"2022-10-26T20:15:39","modified_gmt":"2022-10-26T20:15:39","slug":"die-ziele","status":"publish","type":"page","link":"https:\/\/psychoonkologiebewegt.de\/en\/die-ziele\/","title":{"rendered":"Die Ziele"},"content":{"rendered":"<div data-elementor-type=\"wp-page\" data-elementor-id=\"2354\" class=\"elementor elementor-2354\">\n\t\t\t\t\t\t<section class=\"elementor-section elementor-top-section elementor-element elementor-element-c18901c elementor-section-boxed elementor-section-height-default elementor-section-height-default\" data-id=\"c18901c\" data-element_type=\"section\" data-e-type=\"section\">\n\t\t\t\t\t\t<div class=\"elementor-container elementor-column-gap-default\">\n\t\t\t\t\t<div class=\"elementor-column elementor-col-100 elementor-top-column elementor-element elementor-element-4c84690\" data-id=\"4c84690\" data-element_type=\"column\" data-e-type=\"column\">\n\t\t\t<div class=\"elementor-widget-wrap elementor-element-populated\">\n\t\t\t\t\t\t<div class=\"elementor-element elementor-element-61bb11d elementor-widget elementor-widget-heading\" data-id=\"61bb11d\" data-element_type=\"widget\" data-e-type=\"widget\" data-widget_type=\"heading.default\">\n\t\t\t\t<div class=\"elementor-widget-container\">\n\t\t\t\t\t<h2 class=\"elementor-heading-title elementor-size-default\">Ein Ziel, ist die Verabredung mit der Zukunft und einer zu erbringenden Leistung. Oftmals tauchen Fragen im neuroonkologischen Zusammenhang auf: \"Darf ich \u00fcberhaupt noch Ziele haben?\" Der Weg zum Ziel, sind kleine aktive Schritte auf einer Treppe, nicht der gro\u00dfe Schritt durch eine offene T\u00fcr! Warum nicht eine Aussage t\u00e4tigen wie: \"Ich habe noch das Ziel... vor mir! Wer kommt mit?\"<\/h2>\t\t\t\t<\/div>\n\t\t\t\t<\/div>\n\t\t\t\t\t<\/div>\n\t\t<\/div>\n\t\t\t\t\t<\/div>\n\t\t<\/section>\n\t\t\t\t<\/div>","protected":false},"excerpt":{"rendered":"<p>Ein Ziel, ist die Verabredung mit der Zukunft und einer zu erbringenden Leistung. Oftmals tauchen Fragen im neuroonkologischen Zusammenhang auf: &#8222;Darf ich \u00fcberhaupt noch Ziele &hellip;<\/p>","protected":false},"author":1,"featured_media":0,"parent":0,"menu_order":0,"comment_status":"closed","ping_status":"closed","template":"","meta":{"footnotes":""},"class_list":["post-2354","page","type-page","status-publish","hentry"],"yoast_head":"<!-- This site is optimized with the Yoast SEO plugin v27.6 - https:\/\/yoast.com\/product\/yoast-seo-wordpress\/ -->\n<title>Die Ziele - Psychoonkologie bewegt<\/title>\n<meta name=\"robots\" content=\"index, follow, max-snippet:-1, max-image-preview:large, max-video-preview:-1\" \/>\n<link rel=\"canonical\" href=\"https:\/\/psychoonkologiebewegt.de\/en\/die-ziele\/\" \/>\n<meta property=\"og:locale\" content=\"en_GB\" \/>\n<meta property=\"og:type\" content=\"article\" \/>\n<meta property=\"og:title\" content=\"Die Ziele - Psychoonkologie bewegt\" \/>\n<meta property=\"og:description\" content=\"Ein Ziel, ist die Verabredung mit der Zukunft und einer zu erbringenden Leistung. Oftmals tauchen Fragen im neuroonkologischen Zusammenhang auf: &#8222;Darf ich \u00fcberhaupt noch Ziele &hellip;\" \/>\n<meta property=\"og:url\" content=\"https:\/\/psychoonkologiebewegt.de\/en\/die-ziele\/\" \/>\n<meta property=\"og:site_name\" content=\"Psychoonkologie bewegt\" \/>\n<meta property=\"article:modified_time\" content=\"2022-10-26T20:15:39+00:00\" \/>\n<meta name=\"twitter:card\" content=\"summary_large_image\" \/>\n<meta name=\"twitter:label1\" content=\"Estimated reading time\" \/>\n\t<meta name=\"twitter:data1\" content=\"1 minute\" \/>\n<script type=\"application\/ld+json\" class=\"yoast-schema-graph\">{\"@context\":\"https:\\\/\\\/schema.org\",\"@graph\":[{\"@type\":\"WebPage\",\"@id\":\"https:\\\/\\\/psychoonkologiebewegt.de\\\/die-ziele\\\/\",\"url\":\"https:\\\/\\\/psychoonkologiebewegt.de\\\/die-ziele\\\/\",\"name\":\"Die Ziele - Psychoonkologie bewegt\",\"isPartOf\":{\"@id\":\"https:\\\/\\\/psychoonkologiebewegt.de\\\/#website\"},\"datePublished\":\"2022-10-26T20:15:06+00:00\",\"dateModified\":\"2022-10-26T20:15:39+00:00\",\"breadcrumb\":{\"@id\":\"https:\\\/\\\/psychoonkologiebewegt.de\\\/die-ziele\\\/#breadcrumb\"},\"inLanguage\":\"en-GB\",\"potentialAction\":[{\"@type\":\"ReadAction\",\"target\":[\"https:\\\/\\\/psychoonkologiebewegt.de\\\/die-ziele\\\/\"]}]},{\"@type\":\"BreadcrumbList\",\"@id\":\"https:\\\/\\\/psychoonkologiebewegt.de\\\/die-ziele\\\/#breadcrumb\",\"itemListElement\":[{\"@type\":\"ListItem\",\"position\":1,\"name\":\"Startseite\",\"item\":\"https:\\\/\\\/psychoonkologiebewegt.de\\\/\"},{\"@type\":\"ListItem\",\"position\":2,\"name\":\"Die Ziele\"}]},{\"@type\":\"WebSite\",\"@id\":\"https:\\\/\\\/psychoonkologiebewegt.de\\\/#website\",\"url\":\"https:\\\/\\\/psychoonkologiebewegt.de\\\/\",\"name\":\"Psychoonkologie bewegt\",\"description\":\"\",\"publisher\":{\"@id\":\"https:\\\/\\\/psychoonkologiebewegt.de\\\/#organization\"},\"potentialAction\":[{\"@type\":\"SearchAction\",\"target\":{\"@type\":\"EntryPoint\",\"urlTemplate\":\"https:\\\/\\\/psychoonkologiebewegt.de\\\/?s={search_term_string}\"},\"query-input\":{\"@type\":\"PropertyValueSpecification\",\"valueRequired\":true,\"valueName\":\"search_term_string\"}}],\"inLanguage\":\"en-GB\"},{\"@type\":\"Organization\",\"@id\":\"https:\\\/\\\/psychoonkologiebewegt.de\\\/#organization\",\"name\":\"Psychoonkologie bewegt\",\"url\":\"https:\\\/\\\/psychoonkologiebewegt.de\\\/\",\"logo\":{\"@type\":\"ImageObject\",\"inLanguage\":\"en-GB\",\"@id\":\"https:\\\/\\\/psychoonkologiebewegt.de\\\/#\\\/schema\\\/logo\\\/image\\\/\",\"url\":\"http:\\\/\\\/psychoonkologiebewegt.de\\\/wp-content\\\/uploads\\\/2022\\\/07\\\/Psychoonkologiebewegt.png\",\"contentUrl\":\"http:\\\/\\\/psychoonkologiebewegt.de\\\/wp-content\\\/uploads\\\/2022\\\/07\\\/Psychoonkologiebewegt.png\",\"width\":406,\"height\":729,\"caption\":\"Psychoonkologie bewegt\"},\"image\":{\"@id\":\"https:\\\/\\\/psychoonkologiebewegt.de\\\/#\\\/schema\\\/logo\\\/image\\\/\"}}]}<\/script>\n<!-- \/ Yoast SEO plugin. -->","yoast_head_json":{"title":"Die Ziele - Psychoonkologie bewegt","robots":{"index":"index","follow":"follow","max-snippet":"max-snippet:-1","max-image-preview":"max-image-preview:large","max-video-preview":"max-video-preview:-1"},"canonical":"https:\/\/psychoonkologiebewegt.de\/en\/die-ziele\/","og_locale":"en_GB","og_type":"article","og_title":"Die Ziele - Psychoonkologie bewegt","og_description":"Ein Ziel, ist die Verabredung mit der Zukunft und einer zu erbringenden Leistung. Oftmals tauchen Fragen im neuroonkologischen Zusammenhang auf: &#8222;Darf ich \u00fcberhaupt noch Ziele &hellip;","og_url":"https:\/\/psychoonkologiebewegt.de\/en\/die-ziele\/","og_site_name":"Psychoonkologie bewegt","article_modified_time":"2022-10-26T20:15:39+00:00","twitter_card":"summary_large_image","twitter_misc":{"Estimated reading time":"1 minute"},"schema":{"@context":"https:\/\/schema.org","@graph":[{"@type":"WebPage","@id":"https:\/\/psychoonkologiebewegt.de\/die-ziele\/","url":"https:\/\/psychoonkologiebewegt.de\/die-ziele\/","name":"Die Ziele - Psychoonkologie bewegt","isPartOf":{"@id":"https:\/\/psychoonkologiebewegt.de\/#website"},"datePublished":"2022-10-26T20:15:06+00:00","dateModified":"2022-10-26T20:15:39+00:00","breadcrumb":{"@id":"https:\/\/psychoonkologiebewegt.de\/die-ziele\/#breadcrumb"},"inLanguage":"en-GB","potentialAction":[{"@type":"ReadAction","target":["https:\/\/psychoonkologiebewegt.de\/die-ziele\/"]}]},{"@type":"BreadcrumbList","@id":"https:\/\/psychoonkologiebewegt.de\/die-ziele\/#breadcrumb","itemListElement":[{"@type":"ListItem","position":1,"name":"Startseite","item":"https:\/\/psychoonkologiebewegt.de\/"},{"@type":"ListItem","position":2,"name":"Die Ziele"}]},{"@type":"WebSite","@id":"https:\/\/psychoonkologiebewegt.de\/#website","url":"https:\/\/psychoonkologiebewegt.de\/","name":"Psychooncology moves","description":"","publisher":{"@id":"https:\/\/psychoonkologiebewegt.de\/#organization"},"potentialAction":[{"@type":"SearchAction","target":{"@type":"EntryPoint","urlTemplate":"https:\/\/psychoonkologiebewegt.de\/?s={search_term_string}"},"query-input":{"@type":"PropertyValueSpecification","valueRequired":true,"valueName":"search_term_string"}}],"inLanguage":"en-GB"},{"@type":"Organization","@id":"https:\/\/psychoonkologiebewegt.de\/#organization","name":"Psychooncology moves","url":"https:\/\/psychoonkologiebewegt.de\/","logo":{"@type":"ImageObject","inLanguage":"en-GB","@id":"https:\/\/psychoonkologiebewegt.de\/#\/schema\/logo\/image\/","url":"http:\/\/psychoonkologiebewegt.de\/wp-content\/uploads\/2022\/07\/Psychoonkologiebewegt.png","contentUrl":"http:\/\/psychoonkologiebewegt.de\/wp-content\/uploads\/2022\/07\/Psychoonkologiebewegt.png","width":406,"height":729,"caption":"Psychoonkologie bewegt"},"image":{"@id":"https:\/\/psychoonkologiebewegt.de\/#\/schema\/logo\/image\/"}}]}},"_links":{"self":[{"href":"https:\/\/psychoonkologiebewegt.de\/en\/wp-json\/wp\/v2\/pages\/2354","targetHints":{"allow":["GET"]}}],"collection":[{"href":"https:\/\/psychoonkologiebewegt.de\/en\/wp-json\/wp\/v2\/pages"}],"about":[{"href":"https:\/\/psychoonkologiebewegt.de\/en\/wp-json\/wp\/v2\/types\/page"}],"author":[{"embeddable":true,"href":"https:\/\/psychoonkologiebewegt.de\/en\/wp-json\/wp\/v2\/users\/1"}],"replies":[{"embeddable":true,"href":"https:\/\/psychoonkologiebewegt.de\/en\/wp-json\/wp\/v2\/comments?post=2354"}],"version-history":[{"count":22,"href":"https:\/\/psychoonkologiebewegt.de\/en\/wp-json\/wp\/v2\/pages\/2354\/revisions"}],"predecessor-version":[{"id":2378,"href":"https:\/\/psychoonkologiebewegt.de\/en\/wp-json\/wp\/v2\/pages\/2354\/revisions\/2378"}],"wp:attachment":[{"href":"https:\/\/psychoonkologiebewegt.de\/en\/wp-json\/wp\/v2\/media?parent=2354"}],"curies":[{"name":"wp","href":"https:\/\/api.w.org\/{rel}","templated":true}]}}