{"id":1194,"date":"2021-10-01T20:06:01","date_gmt":"2021-10-01T20:06:01","guid":{"rendered":"http:\/\/psychoonkologiebewegt.de\/?page_id=1194"},"modified":"2022-10-04T18:29:41","modified_gmt":"2022-10-04T18:29:41","slug":"die-teamleistung","status":"publish","type":"page","link":"https:\/\/psychoonkologiebewegt.de\/en\/die-teamleistung\/","title":{"rendered":"The Team Performance"},"content":{"rendered":"<div data-elementor-type=\"wp-page\" data-elementor-id=\"1194\" class=\"elementor elementor-1194\">\n\t\t\t\t\t\t<section class=\"elementor-section elementor-top-section elementor-element elementor-element-4842dec elementor-section-boxed elementor-section-height-default elementor-section-height-default\" data-id=\"4842dec\" data-element_type=\"section\" data-e-type=\"section\">\n\t\t\t\t\t\t<div class=\"elementor-container elementor-column-gap-default\">\n\t\t\t\t\t<div class=\"elementor-column elementor-col-100 elementor-top-column elementor-element elementor-element-38398c4\" data-id=\"38398c4\" data-element_type=\"column\" data-e-type=\"column\">\n\t\t\t<div class=\"elementor-widget-wrap elementor-element-populated\">\n\t\t\t\t\t\t<div class=\"elementor-element elementor-element-bee31c6 elementor-widget elementor-widget-heading\" data-id=\"bee31c6\" data-element_type=\"widget\" data-e-type=\"widget\" data-widget_type=\"heading.default\">\n\t\t\t\t<div class=\"elementor-widget-container\">\n\t\t\t\t\t<h2 class=\"elementor-heading-title elementor-size-default\">Even if you think you can cope with everything on your own. Don't be afraid to accept help, to exchange ideas and to become active. Because with the appropriate competent support, you can often do much more than you would have thought!<\/h2>\t\t\t\t<\/div>\n\t\t\t\t<\/div>\n\t\t\t\t\t<\/div>\n\t\t<\/div>\n\t\t\t\t\t<\/div>\n\t\t<\/section>\n\t\t\t\t<section class=\"elementor-section elementor-top-section elementor-element elementor-element-96bda89 elementor-section-boxed elementor-section-height-default elementor-section-height-default\" data-id=\"96bda89\" data-element_type=\"section\" data-e-type=\"section\">\n\t\t\t\t\t\t<div class=\"elementor-container elementor-column-gap-default\">\n\t\t\t\t\t<div class=\"elementor-column elementor-col-100 elementor-top-column elementor-element elementor-element-c6b49b7\" data-id=\"c6b49b7\" data-element_type=\"column\" data-e-type=\"column\">\n\t\t\t<div class=\"elementor-widget-wrap elementor-element-populated\">\n\t\t\t\t\t\t<div class=\"elementor-element elementor-element-b38c727 elementor-widget elementor-widget-elementskit-team\" data-id=\"b38c727\" data-element_type=\"widget\" data-e-type=\"widget\" data-settings=\"{&quot;_animation&quot;:&quot;none&quot;}\" data-widget_type=\"elementskit-team.default\">\n\t\t\t\t<div class=\"elementor-widget-container\">\n\t\t\t\t\t<div class=\"ekit-wid-con\">\t\t <div class=\"profile-square-v\"> \t\t\t\t\t\t\n\t\t<div class=\"profile-card elementor-animation- text-center ekit-team-style-centered_style\">\n\t\t\t\n\t\t\t\t<div class=\"profile-header ekit-team-img\" >\n\t\t\t\t\t<img fetchpriority=\"high\" decoding=\"async\" width=\"362\" height=\"500\" src=\"https:\/\/psychoonkologiebewegt.de\/wp-content\/uploads\/2021\/06\/DW.jpg\" class=\"attachment-medium_large size-medium_large wp-image-171\" alt=\"\" srcset=\"https:\/\/psychoonkologiebewegt.de\/wp-content\/uploads\/2021\/06\/DW.jpg 362w, https:\/\/psychoonkologiebewegt.de\/wp-content\/uploads\/2021\/06\/DW-217x300.jpg 217w\" sizes=\"(max-width: 362px) 100vw, 362px\" \/>\t\t\t\t<\/div><!-- .profile-header END -->\n\t\t\t\n\n\t\t\t\t<div class=\"profile-body\">\n\t\t\t\t\t\n\t\t\t\t\t<h2 class=\"profile-title\">\n\t\t\t\t\t\t\t\t\t\t\tProf. Dr. med. Dorothee Wiewrodt\t\t\t\t\t\t\t\t\t\t<\/h2>\n\t\t\t\t\t<p class=\"profile-designation\">Psychoonkologin, Fach\u00e4rztin f\u00fcr Neurochirurgie, Psychotherapie, Leiterin Psychoonkologiebewegt<\/p>\n\t\t\t\t\t\t\t\t\t\t<p class=\"profile-content\">\"Worte haben Macht, uns gut oder schlecht f\u00fchlen zu lassen, uns aufzubauen oder niederzudr\u00fccken. Wir \u00c4rzt*innen sollten sie mit Bedacht w\u00e4hlen, denn sie sind der Beginn einer vertrauensvollen und tragf\u00e4higen Beziehung mit unseren Patienten!\" <\/p>\n\t\t\t\t\t\t\t\t\t<\/div><!-- .profile-body END -->\n\n\t\t\t\t\t\t\t\t<\/div>\n\t\t\t\t <\/div> \t\t\t\n\t\t\t\n\t\t\t\t<\/div>\t\t\t\t<\/div>\n\t\t\t\t<\/div>\n\t\t\t\t\t<\/div>\n\t\t<\/div>\n\t\t\t\t\t<\/div>\n\t\t<\/section>\n\t\t\t\t<section class=\"elementor-section elementor-top-section elementor-element elementor-element-b05107e elementor-section-boxed elementor-section-height-default elementor-section-height-default\" data-id=\"b05107e\" data-element_type=\"section\" data-e-type=\"section\">\n\t\t\t\t\t\t<div class=\"elementor-container elementor-column-gap-default\">\n\t\t\t\t\t<div class=\"elementor-column elementor-col-100 elementor-top-column elementor-element elementor-element-7b57133\" data-id=\"7b57133\" data-element_type=\"column\" data-e-type=\"column\">\n\t\t\t<div class=\"elementor-widget-wrap elementor-element-populated\">\n\t\t\t\t\t\t<div class=\"elementor-element elementor-element-bfaa862 elementor-widget elementor-widget-elementskit-team\" data-id=\"bfaa862\" data-element_type=\"widget\" data-e-type=\"widget\" data-settings=\"{&quot;_animation&quot;:&quot;none&quot;}\" data-widget_type=\"elementskit-team.default\">\n\t\t\t\t<div class=\"elementor-widget-container\">\n\t\t\t\t\t<div class=\"ekit-wid-con\">\t\t <div class=\"profile-square-v\"> \t\t\t\t\t\t\n\t\t<div class=\"profile-card elementor-animation- text-center ekit-team-style-centered_style\">\n\t\t\t\n\t\t\t\t<div class=\"profile-header ekit-team-img\" >\n\t\t\t\t\t<img decoding=\"async\" width=\"150\" height=\"200\" src=\"https:\/\/psychoonkologiebewegt.de\/wp-content\/uploads\/2021\/10\/Rabra.jpg\" class=\"attachment-medium_large size-medium_large wp-image-1231\" alt=\"\" \/>\t\t\t\t<\/div><!-- .profile-header END -->\n\t\t\t\n\n\t\t\t\t<div class=\"profile-body\">\n\t\t\t\t\t\n\t\t\t\t\t<h2 class=\"profile-title\">\n\t\t\t\t\t\t\t\t\t\t\tDipl. Trainer Ralf Brandt\t\t\t\t\t\t\t\t\t\t<\/h2>\n\t\t\t\t\t<p class=\"profile-designation\">Diplom Trainer des DOSB, Lehrbeauftragter des Institut f\u00fcr Sportwissenschaft<\/p>\n\t\t\t\t\t\t\t\t\t\t<p class=\"profile-content\">\"Der Mensch hat es im Laufe seiner jahrtausendlangen Entwicklung geschafft, sich gegen\u00fcber den Widerst\u00e4nden der Natur zu behaupten und durchzusetzen. In seiner heutigen Form ist er allerdings gerade dabei, seine physiologischen  Grundvoraussetzungen durch \"moderne\" Verhaltensweisen zu missachten. NIcht die Schwerkraft ist das Problem, sondern ihr auszuweichen!\"<\/p>\n\t\t\t\t\t\t\t\t\t<\/div><!-- .profile-body END -->\n\n\t\t\t\t\t\t\t\t<\/div>\n\t\t\t\t <\/div> \t\t\t\n\t\t\t\n\t\t\t\t<\/div>\t\t\t\t<\/div>\n\t\t\t\t<\/div>\n\t\t\t\t\t<\/div>\n\t\t<\/div>\n\t\t\t\t\t<\/div>\n\t\t<\/section>\n\t\t\t\t<section class=\"elementor-section elementor-top-section elementor-element elementor-element-903976e elementor-section-boxed elementor-section-height-default elementor-section-height-default\" data-id=\"903976e\" data-element_type=\"section\" data-e-type=\"section\">\n\t\t\t\t\t\t<div class=\"elementor-container elementor-column-gap-default\">\n\t\t\t\t\t<div class=\"elementor-column elementor-col-100 elementor-top-column elementor-element elementor-element-9ff17ac\" data-id=\"9ff17ac\" data-element_type=\"column\" data-e-type=\"column\">\n\t\t\t<div class=\"elementor-widget-wrap elementor-element-populated\">\n\t\t\t\t\t\t<div class=\"elementor-element elementor-element-cd33b22 elementor-widget elementor-widget-elementskit-team\" data-id=\"cd33b22\" data-element_type=\"widget\" data-e-type=\"widget\" data-settings=\"{&quot;_animation&quot;:&quot;none&quot;}\" data-widget_type=\"elementskit-team.default\">\n\t\t\t\t<div class=\"elementor-widget-container\">\n\t\t\t\t\t<div class=\"ekit-wid-con\">\t\t <div class=\"profile-square-v\"> \t\t\t\t\t\t\n\t\t<div class=\"profile-card elementor-animation- text-center ekit-team-style-centered_style\">\n\t\t\t\n\t\t\t\t<div class=\"profile-header ekit-team-img\" >\n\t\t\t\t\t<img decoding=\"async\" width=\"768\" height=\"882\" src=\"https:\/\/psychoonkologiebewegt.de\/wp-content\/uploads\/2021\/07\/JJ-e1626360066741-768x882.jpg\" class=\"attachment-medium_large size-medium_large wp-image-635\" alt=\"\" srcset=\"https:\/\/psychoonkologiebewegt.de\/wp-content\/uploads\/2021\/07\/JJ-e1626360066741-768x882.jpg 768w, https:\/\/psychoonkologiebewegt.de\/wp-content\/uploads\/2021\/07\/JJ-e1626360066741-261x300.jpg 261w, https:\/\/psychoonkologiebewegt.de\/wp-content\/uploads\/2021\/07\/JJ-e1626360066741-892x1024.jpg 892w, https:\/\/psychoonkologiebewegt.de\/wp-content\/uploads\/2021\/07\/JJ-e1626360066741-1338x1536.jpg 1338w, https:\/\/psychoonkologiebewegt.de\/wp-content\/uploads\/2021\/07\/JJ-e1626360066741.jpg 1683w\" sizes=\"(max-width: 768px) 100vw, 768px\" \/>\t\t\t\t<\/div><!-- .profile-header END -->\n\t\t\t\n\n\t\t\t\t<div class=\"profile-body\">\n\t\t\t\t\t\n\t\t\t\t\t<h2 class=\"profile-title\">\n\t\t\t\t\t\t\t\t\t\t\tDoktorandin rer. med. Johanna Jost\t\t\t\t\t\t\t\t\t\t<\/h2>\n\t\t\t\t\t<p class=\"profile-designation\">M. Ed. Sportwissenschaft<\/p>\n\t\t\t\t\t\t\t\t\t\t<p class=\"profile-content\">\"In belastenden Situationen kann Bewegung, neben vielen anderen positiven Aspekten, von negativen Gedanken ablenken und als echter Stimmungsbooster wirken. Ich bin \u00fcberzeugt und fasziniert von den vielen positiven Auswirkungen von Sporttherapie auf K\u00f6rper und Geist - gerade bei onkologischen Erkrankungen - und freue mich als Teil meiner Arbeit, diese weiter in aktuelle Versorgungsstrukturen f\u00fcr Patienten zu integrieren.\"<\/p>\n\t\t\t\t\t\t\t\t\t<\/div><!-- .profile-body END -->\n\n\t\t\t\t\t\t\t\t<\/div>\n\t\t\t\t <\/div> \t\t\t\n\t\t\t\n\t\t\t\t<\/div>\t\t\t\t<\/div>\n\t\t\t\t<\/div>\n\t\t\t\t\t<\/div>\n\t\t<\/div>\n\t\t\t\t\t<\/div>\n\t\t<\/section>\n\t\t\t\t<section class=\"elementor-section elementor-top-section elementor-element elementor-element-0c8f046 elementor-section-boxed elementor-section-height-default elementor-section-height-default\" data-id=\"0c8f046\" data-element_type=\"section\" data-e-type=\"section\">\n\t\t\t\t\t\t<div class=\"elementor-container elementor-column-gap-default\">\n\t\t\t\t\t<div class=\"elementor-column elementor-col-100 elementor-top-column elementor-element elementor-element-33a6554\" data-id=\"33a6554\" data-element_type=\"column\" data-e-type=\"column\">\n\t\t\t<div class=\"elementor-widget-wrap elementor-element-populated\">\n\t\t\t\t\t\t<div class=\"elementor-element elementor-element-ed79dae elementor-widget elementor-widget-elementskit-team\" data-id=\"ed79dae\" data-element_type=\"widget\" data-e-type=\"widget\" data-settings=\"{&quot;_animation&quot;:&quot;none&quot;}\" data-widget_type=\"elementskit-team.default\">\n\t\t\t\t<div class=\"elementor-widget-container\">\n\t\t\t\t\t<div class=\"ekit-wid-con\">\t\t <div class=\"profile-square-v\"> \t\t\t\t\t\t\n\t\t<div class=\"profile-card elementor-animation- text-center ekit-team-style-centered_style\">\n\t\t\t\n\t\t\t\t<div class=\"profile-header ekit-team-img\" >\n\t\t\t\t\t<img loading=\"lazy\" decoding=\"async\" width=\"768\" height=\"850\" src=\"https:\/\/psychoonkologiebewegt.de\/wp-content\/uploads\/2022\/10\/NH-2022-768x850.jpg\" class=\"attachment-medium_large size-medium_large wp-image-2233\" alt=\"\" srcset=\"https:\/\/psychoonkologiebewegt.de\/wp-content\/uploads\/2022\/10\/NH-2022-768x850.jpg 768w, https:\/\/psychoonkologiebewegt.de\/wp-content\/uploads\/2022\/10\/NH-2022-271x300.jpg 271w, https:\/\/psychoonkologiebewegt.de\/wp-content\/uploads\/2022\/10\/NH-2022-925x1024.jpg 925w, https:\/\/psychoonkologiebewegt.de\/wp-content\/uploads\/2022\/10\/NH-2022-1387x1536.jpg 1387w, https:\/\/psychoonkologiebewegt.de\/wp-content\/uploads\/2022\/10\/NH-2022-11x12.jpg 11w, https:\/\/psychoonkologiebewegt.de\/wp-content\/uploads\/2022\/10\/NH-2022.jpg 1445w\" sizes=\"(max-width: 768px) 100vw, 768px\" \/>\t\t\t\t<\/div><!-- .profile-header END -->\n\t\t\t\n\n\t\t\t\t<div class=\"profile-body\">\n\t\t\t\t\t\n\t\t\t\t\t<h2 class=\"profile-title\">\n\t\t\t\t\t\t\t\t\t\t\tDoktorandin rer. med. Nora Hansel\t\t\t\t\t\t\t\t\t\t<\/h2>\n\t\t\t\t\t<p class=\"profile-designation\">Weltmeisterin Paratriathlon 2014<\/p>\n\t\t\t\t\t\t\t\t\t\t<p class=\"profile-content\">\u201eSport ist viel mehr als Bewegung. Sport zu treiben gibt uns die M\u00f6glichkeit vom Alltag\nabzuschalten, zu entspannen, den K\u00f6rper zu formen, leistungsf\u00e4hig zu bleiben oder es\nwieder zu werden. Durch Sport k\u00f6nnen wir K\u00f6rper und Geist in Einklang bringen. Es ist unser\nZiel, jede und jeden dabei zu unterst\u00fctzen, sportlich aktiv zu sein.\u201c<\/p>\n\t\t\t\t\t\t\t\t\t<\/div><!-- .profile-body END -->\n\n\t\t\t\t\t\t\t\t<\/div>\n\t\t\t\t <\/div> \t\t\t\n\t\t\t\n\t\t\t\t<\/div>\t\t\t\t<\/div>\n\t\t\t\t<\/div>\n\t\t\t\t\t<\/div>\n\t\t<\/div>\n\t\t\t\t\t<\/div>\n\t\t<\/section>\n\t\t\t\t<\/div>","protected":false},"excerpt":{"rendered":"<p>Auch wenn man meint, man k\u00f6nne alles alleine bew\u00e4ltigen. Scheuen Sie sich nicht, Hilfe anzunehmen, sich auszutauschen und aktiv zu werden. Denn mit entsprechender kompetenter &hellip;<\/p>","protected":false},"author":1,"featured_media":0,"parent":0,"menu_order":0,"comment_status":"closed","ping_status":"closed","template":"","meta":{"footnotes":""},"class_list":["post-1194","page","type-page","status-publish","hentry"],"yoast_head":"<!-- This site is optimized with the Yoast SEO plugin v27.3 - https:\/\/yoast.com\/product\/yoast-seo-wordpress\/ -->\n<title>Die Teamleistung - Psychoonkologie bewegt<\/title>\n<meta name=\"robots\" content=\"index, follow, max-snippet:-1, max-image-preview:large, max-video-preview:-1\" \/>\n<link rel=\"canonical\" href=\"https:\/\/psychoonkologiebewegt.de\/en\/die-teamleistung\/\" \/>\n<meta property=\"og:locale\" content=\"en_GB\" \/>\n<meta property=\"og:type\" content=\"article\" \/>\n<meta property=\"og:title\" content=\"Die Teamleistung - Psychoonkologie bewegt\" \/>\n<meta property=\"og:description\" content=\"Auch wenn man meint, man k\u00f6nne alles alleine bew\u00e4ltigen. Scheuen Sie sich nicht, Hilfe anzunehmen, sich auszutauschen und aktiv zu werden. Denn mit entsprechender kompetenter &hellip;\" \/>\n<meta property=\"og:url\" content=\"https:\/\/psychoonkologiebewegt.de\/en\/die-teamleistung\/\" \/>\n<meta property=\"og:site_name\" content=\"Psychoonkologie bewegt\" \/>\n<meta property=\"article:modified_time\" content=\"2022-10-04T18:29:41+00:00\" \/>\n<meta property=\"og:image\" content=\"http:\/\/psychoonkologiebewegt.de\/wp-content\/uploads\/2021\/06\/DW.jpg\" \/>\n<meta name=\"twitter:card\" content=\"summary_large_image\" \/>\n<meta name=\"twitter:label1\" content=\"Estimated reading time\" \/>\n\t<meta name=\"twitter:data1\" content=\"3 minutes\" \/>\n<script type=\"application\/ld+json\" class=\"yoast-schema-graph\">{\"@context\":\"https:\\\/\\\/schema.org\",\"@graph\":[{\"@type\":\"WebPage\",\"@id\":\"https:\\\/\\\/psychoonkologiebewegt.de\\\/die-teamleistung\\\/\",\"url\":\"https:\\\/\\\/psychoonkologiebewegt.de\\\/die-teamleistung\\\/\",\"name\":\"Die Teamleistung - Psychoonkologie bewegt\",\"isPartOf\":{\"@id\":\"https:\\\/\\\/psychoonkologiebewegt.de\\\/#website\"},\"primaryImageOfPage\":{\"@id\":\"https:\\\/\\\/psychoonkologiebewegt.de\\\/die-teamleistung\\\/#primaryimage\"},\"image\":{\"@id\":\"https:\\\/\\\/psychoonkologiebewegt.de\\\/die-teamleistung\\\/#primaryimage\"},\"thumbnailUrl\":\"http:\\\/\\\/psychoonkologiebewegt.de\\\/wp-content\\\/uploads\\\/2021\\\/06\\\/DW.jpg\",\"datePublished\":\"2021-10-01T20:06:01+00:00\",\"dateModified\":\"2022-10-04T18:29:41+00:00\",\"breadcrumb\":{\"@id\":\"https:\\\/\\\/psychoonkologiebewegt.de\\\/die-teamleistung\\\/#breadcrumb\"},\"inLanguage\":\"en-GB\",\"potentialAction\":[{\"@type\":\"ReadAction\",\"target\":[\"https:\\\/\\\/psychoonkologiebewegt.de\\\/die-teamleistung\\\/\"]}]},{\"@type\":\"ImageObject\",\"inLanguage\":\"en-GB\",\"@id\":\"https:\\\/\\\/psychoonkologiebewegt.de\\\/die-teamleistung\\\/#primaryimage\",\"url\":\"http:\\\/\\\/psychoonkologiebewegt.de\\\/wp-content\\\/uploads\\\/2021\\\/06\\\/DW.jpg\",\"contentUrl\":\"http:\\\/\\\/psychoonkologiebewegt.de\\\/wp-content\\\/uploads\\\/2021\\\/06\\\/DW.jpg\"},{\"@type\":\"BreadcrumbList\",\"@id\":\"https:\\\/\\\/psychoonkologiebewegt.de\\\/die-teamleistung\\\/#breadcrumb\",\"itemListElement\":[{\"@type\":\"ListItem\",\"position\":1,\"name\":\"Startseite\",\"item\":\"https:\\\/\\\/psychoonkologiebewegt.de\\\/\"},{\"@type\":\"ListItem\",\"position\":2,\"name\":\"Die Teamleistung\"}]},{\"@type\":\"WebSite\",\"@id\":\"https:\\\/\\\/psychoonkologiebewegt.de\\\/#website\",\"url\":\"https:\\\/\\\/psychoonkologiebewegt.de\\\/\",\"name\":\"Psychoonkologie bewegt\",\"description\":\"\",\"publisher\":{\"@id\":\"https:\\\/\\\/psychoonkologiebewegt.de\\\/#organization\"},\"potentialAction\":[{\"@type\":\"SearchAction\",\"target\":{\"@type\":\"EntryPoint\",\"urlTemplate\":\"https:\\\/\\\/psychoonkologiebewegt.de\\\/?s={search_term_string}\"},\"query-input\":{\"@type\":\"PropertyValueSpecification\",\"valueRequired\":true,\"valueName\":\"search_term_string\"}}],\"inLanguage\":\"en-GB\"},{\"@type\":\"Organization\",\"@id\":\"https:\\\/\\\/psychoonkologiebewegt.de\\\/#organization\",\"name\":\"Psychoonkologie bewegt\",\"url\":\"https:\\\/\\\/psychoonkologiebewegt.de\\\/\",\"logo\":{\"@type\":\"ImageObject\",\"inLanguage\":\"en-GB\",\"@id\":\"https:\\\/\\\/psychoonkologiebewegt.de\\\/#\\\/schema\\\/logo\\\/image\\\/\",\"url\":\"http:\\\/\\\/psychoonkologiebewegt.de\\\/wp-content\\\/uploads\\\/2022\\\/07\\\/Psychoonkologiebewegt.png\",\"contentUrl\":\"http:\\\/\\\/psychoonkologiebewegt.de\\\/wp-content\\\/uploads\\\/2022\\\/07\\\/Psychoonkologiebewegt.png\",\"width\":406,\"height\":729,\"caption\":\"Psychoonkologie bewegt\"},\"image\":{\"@id\":\"https:\\\/\\\/psychoonkologiebewegt.de\\\/#\\\/schema\\\/logo\\\/image\\\/\"}}]}<\/script>\n<!-- \/ Yoast SEO plugin. -->","yoast_head_json":{"title":"Die Teamleistung - Psychoonkologie bewegt","robots":{"index":"index","follow":"follow","max-snippet":"max-snippet:-1","max-image-preview":"max-image-preview:large","max-video-preview":"max-video-preview:-1"},"canonical":"https:\/\/psychoonkologiebewegt.de\/en\/die-teamleistung\/","og_locale":"en_GB","og_type":"article","og_title":"Die Teamleistung - Psychoonkologie bewegt","og_description":"Auch wenn man meint, man k\u00f6nne alles alleine bew\u00e4ltigen. Scheuen Sie sich nicht, Hilfe anzunehmen, sich auszutauschen und aktiv zu werden. Denn mit entsprechender kompetenter &hellip;","og_url":"https:\/\/psychoonkologiebewegt.de\/en\/die-teamleistung\/","og_site_name":"Psychoonkologie bewegt","article_modified_time":"2022-10-04T18:29:41+00:00","og_image":[{"url":"http:\/\/psychoonkologiebewegt.de\/wp-content\/uploads\/2021\/06\/DW.jpg","type":"","width":"","height":""}],"twitter_card":"summary_large_image","twitter_misc":{"Estimated reading time":"3 minutes"},"schema":{"@context":"https:\/\/schema.org","@graph":[{"@type":"WebPage","@id":"https:\/\/psychoonkologiebewegt.de\/die-teamleistung\/","url":"https:\/\/psychoonkologiebewegt.de\/die-teamleistung\/","name":"Die Teamleistung - Psychoonkologie bewegt","isPartOf":{"@id":"https:\/\/psychoonkologiebewegt.de\/#website"},"primaryImageOfPage":{"@id":"https:\/\/psychoonkologiebewegt.de\/die-teamleistung\/#primaryimage"},"image":{"@id":"https:\/\/psychoonkologiebewegt.de\/die-teamleistung\/#primaryimage"},"thumbnailUrl":"http:\/\/psychoonkologiebewegt.de\/wp-content\/uploads\/2021\/06\/DW.jpg","datePublished":"2021-10-01T20:06:01+00:00","dateModified":"2022-10-04T18:29:41+00:00","breadcrumb":{"@id":"https:\/\/psychoonkologiebewegt.de\/die-teamleistung\/#breadcrumb"},"inLanguage":"en-GB","potentialAction":[{"@type":"ReadAction","target":["https:\/\/psychoonkologiebewegt.de\/die-teamleistung\/"]}]},{"@type":"ImageObject","inLanguage":"en-GB","@id":"https:\/\/psychoonkologiebewegt.de\/die-teamleistung\/#primaryimage","url":"http:\/\/psychoonkologiebewegt.de\/wp-content\/uploads\/2021\/06\/DW.jpg","contentUrl":"http:\/\/psychoonkologiebewegt.de\/wp-content\/uploads\/2021\/06\/DW.jpg"},{"@type":"BreadcrumbList","@id":"https:\/\/psychoonkologiebewegt.de\/die-teamleistung\/#breadcrumb","itemListElement":[{"@type":"ListItem","position":1,"name":"Startseite","item":"https:\/\/psychoonkologiebewegt.de\/"},{"@type":"ListItem","position":2,"name":"Die Teamleistung"}]},{"@type":"WebSite","@id":"https:\/\/psychoonkologiebewegt.de\/#website","url":"https:\/\/psychoonkologiebewegt.de\/","name":"Psychooncology moves","description":"","publisher":{"@id":"https:\/\/psychoonkologiebewegt.de\/#organization"},"potentialAction":[{"@type":"SearchAction","target":{"@type":"EntryPoint","urlTemplate":"https:\/\/psychoonkologiebewegt.de\/?s={search_term_string}"},"query-input":{"@type":"PropertyValueSpecification","valueRequired":true,"valueName":"search_term_string"}}],"inLanguage":"en-GB"},{"@type":"Organization","@id":"https:\/\/psychoonkologiebewegt.de\/#organization","name":"Psychooncology moves","url":"https:\/\/psychoonkologiebewegt.de\/","logo":{"@type":"ImageObject","inLanguage":"en-GB","@id":"https:\/\/psychoonkologiebewegt.de\/#\/schema\/logo\/image\/","url":"http:\/\/psychoonkologiebewegt.de\/wp-content\/uploads\/2022\/07\/Psychoonkologiebewegt.png","contentUrl":"http:\/\/psychoonkologiebewegt.de\/wp-content\/uploads\/2022\/07\/Psychoonkologiebewegt.png","width":406,"height":729,"caption":"Psychoonkologie bewegt"},"image":{"@id":"https:\/\/psychoonkologiebewegt.de\/#\/schema\/logo\/image\/"}}]}},"_links":{"self":[{"href":"https:\/\/psychoonkologiebewegt.de\/en\/wp-json\/wp\/v2\/pages\/1194","targetHints":{"allow":["GET"]}}],"collection":[{"href":"https:\/\/psychoonkologiebewegt.de\/en\/wp-json\/wp\/v2\/pages"}],"about":[{"href":"https:\/\/psychoonkologiebewegt.de\/en\/wp-json\/wp\/v2\/types\/page"}],"author":[{"embeddable":true,"href":"https:\/\/psychoonkologiebewegt.de\/en\/wp-json\/wp\/v2\/users\/1"}],"replies":[{"embeddable":true,"href":"https:\/\/psychoonkologiebewegt.de\/en\/wp-json\/wp\/v2\/comments?post=1194"}],"version-history":[{"count":85,"href":"https:\/\/psychoonkologiebewegt.de\/en\/wp-json\/wp\/v2\/pages\/1194\/revisions"}],"predecessor-version":[{"id":2239,"href":"https:\/\/psychoonkologiebewegt.de\/en\/wp-json\/wp\/v2\/pages\/1194\/revisions\/2239"}],"wp:attachment":[{"href":"https:\/\/psychoonkologiebewegt.de\/en\/wp-json\/wp\/v2\/media?parent=1194"}],"curies":[{"name":"wp","href":"https:\/\/api.w.org\/{rel}","templated":true}]}}