{"id":1023,"date":"2021-09-16T07:40:30","date_gmt":"2021-09-16T07:40:30","guid":{"rendered":"http:\/\/psychoonkologiebewegt.de\/?page_id=1023"},"modified":"2022-09-14T19:54:33","modified_gmt":"2022-09-14T19:54:33","slug":"impressum","status":"publish","type":"page","link":"https:\/\/psychoonkologiebewegt.de\/en\/impressum\/","title":{"rendered":"Impressum"},"content":{"rendered":"<div data-elementor-type=\"wp-page\" data-elementor-id=\"1023\" class=\"elementor elementor-1023\">\n\t\t\t\t\t\t<section class=\"elementor-section elementor-top-section elementor-element elementor-element-18168cd elementor-section-boxed elementor-section-height-default elementor-section-height-default\" data-id=\"18168cd\" data-element_type=\"section\" data-e-type=\"section\">\n\t\t\t\t\t\t<div class=\"elementor-container elementor-column-gap-default\">\n\t\t\t\t\t<div class=\"elementor-column elementor-col-100 elementor-top-column elementor-element elementor-element-b4cab2b\" data-id=\"b4cab2b\" data-element_type=\"column\" data-e-type=\"column\">\n\t\t\t<div class=\"elementor-widget-wrap elementor-element-populated\">\n\t\t\t\t\t\t<div class=\"elementor-element elementor-element-0e1f59c elementor-widget elementor-widget-text-editor\" data-id=\"0e1f59c\" data-element_type=\"widget\" data-e-type=\"widget\" data-widget_type=\"text-editor.default\">\n\t\t\t\t<div class=\"elementor-widget-container\">\n\t\t\t\t\t\t\t\t\t<h5><strong>Angaben gem\u00e4\u00df \u00a7 5 TMG<\/strong><\/h5>\n<p>Dorothee Wiewrodt<br>Albert-Schweitzer-Campus 1, 48149 M\u00fcnster<\/p>\n<h5><strong>Kontakt<\/strong><\/h5>\n<p>Telefon: +49 (0) 152 5495 6103<br>E-Mail: dw(at)psychoonkologiebewegt(dot)de<\/p>\n<h5><strong>Berufsbezeichnung und berufsrechtliche Regelungen<\/strong><\/h5>\n<p>Berufsbezeichnung: \u00c4rztin, Professorin Dr. med. <br>Zust\u00e4ndige Kammer: \u00c4rztekammer Westfalen-Lippe<br>Verliehen in: NRW Deutschland<br>Es gelten folgende berufsrechtliche Regelungen:<br>Regelungen der Bundes\u00e4rztekammer<br><\/p>\n<h5><strong>Verbraucherstreitbeilegung\/Universalschlichtungsstelle<\/strong><\/h5>\n<p>Wir sind nicht bereit oder verpflichtet, an Streitbeilegungsverfahren vor einer<br>Verbraucherschlichtungsstelle teilzunehmen.<\/p>\n<h5><strong>Haftung fu\u0308r Inhalte<\/strong><\/h5>\n<p>Als Diensteanbieter sind wir gem\u00e4\u00df \u00a7 7 Abs.1 TMG fu\u0308r eigene Inhalte auf diesen Seiten nach den<br>allgemeinen Gesetzen verantwortlich. Nach \u00a7\u00a7 8 bis 10 TMG sind wir als Diensteanbieter jedoch nicht<br>verpflichtet, u\u0308bermittelte oder gespeicherte fremde Informationen zu u\u0308berwachen oder nach Umst\u00e4nden zu<br>forschen, die auf eine rechtswidrige T\u00e4tigkeit hinweisen.<\/p>\n<p>Verpflichtungen zur Entfernung oder Sperrung der Nutzung von Informationen nach den allgemeinen<br>Gesetzen bleiben hiervon unberu\u0308hrt. Eine diesbezu\u0308gliche Haftung ist jedoch erst ab dem Zeitpunkt der<br>Kenntnis einer konkreten Rechtsverletzung m\u00f6glich. Bei Bekanntwerden von entsprechenden<br>Rechtsverletzungen werden wir diese Inhalte umgehend entfernen.<\/p>\n<h5><strong>Haftung fu\u0308r Links<\/strong><\/h5>\n<p>Unser Angebot enth\u00e4lt Links zu externen Websites Dritter, auf deren Inhalte wir keinen Einfluss haben.<br>Deshalb k\u00f6nnen wir fu\u0308r diese fremden Inhalte auch keine Gew\u00e4hr u\u0308bernehmen. Fu\u0308r die Inhalte der<br>verlinkten Seiten ist stets der jeweilige Anbieter oder Betreiber der Seiten verantwortlich. Die verlinkten<br>Seiten wurden zum Zeitpunkt der Verlinkung auf m\u00f6gliche Rechtsverst\u00f6\u00dfe u\u0308berpru\u0308ft. Rechtswidrige Inhalte<br>waren zum Zeitpunkt der Verlinkung nicht erkennbar.<\/p>\n<p>Eine permanente inhaltliche Kontrolle der verlinkten Seiten ist jedoch ohne konkrete Anhaltspunkte einer<br>Rechtsverletzung nicht zumutbar. Bei Bekanntwerden von Rechtsverletzungen werden wir derartige Links<br>umgehend entfernen.<\/p>\n<h5><strong>Urheberrecht<\/strong><\/h5>\n<p>Die durch die Seitenbetreiber erstellten Inhalte und Werke auf diesen Seiten unterliegen dem deutschen<br>Urheberrecht. Die Vervielf\u00e4ltigung, Bearbeitung, Verbreitung und jede Art der Verwertung au\u00dferhalb der<br>Grenzen des Urheberrechtes bedu\u0308rfen der schriftlichen Zustimmung des jeweiligen Autors bzw. Erstellers.<br>Downloads und Kopien dieser Seite sind nur fu\u0308r den privaten, nicht kommerziellen Gebrauch gestattet.<\/p>\n<p>Soweit die Inhalte auf dieser Seite nicht vom Betreiber erstellt wurden, werden die Urheberrechte Dritter<br>beachtet. Insbesondere werden Inhalte Dritter als solche gekennzeichnet. Sollten Sie trotzdem auf eine<br>Urheberrechtsverletzung aufmerksam werden, bitten wir um einen entsprechenden Hinweis. Bei<br>Bekanntwerden von Rechtsverletzungen werden wir derartige Inhalte umgehend entfernen.<\/p>\n<p>Quelle:<br>eRecht24<\/p>\t\t\t\t\t\t\t\t<\/div>\n\t\t\t\t<\/div>\n\t\t\t\t\t<\/div>\n\t\t<\/div>\n\t\t\t\t\t<\/div>\n\t\t<\/section>\n\t\t\t\t<\/div>","protected":false},"excerpt":{"rendered":"<p>Angaben gem\u00e4\u00df \u00a7 5 TMG Dorothee WiewrodtAlbert-Schweitzer-Campus 1, 48149 M\u00fcnster Kontakt Telefon: +49 (0) 152 5495 6103E-Mail: dw(at)psychoonkologiebewegt(dot)de Berufsbezeichnung und berufsrechtliche Regelungen Berufsbezeichnung: \u00c4rztin, Professorin &hellip;<\/p>","protected":false},"author":1,"featured_media":0,"parent":0,"menu_order":0,"comment_status":"closed","ping_status":"closed","template":"","meta":{"footnotes":""},"class_list":["post-1023","page","type-page","status-publish","hentry"],"yoast_head":"<!-- This site is optimized with the Yoast SEO plugin v27.3 - https:\/\/yoast.com\/product\/yoast-seo-wordpress\/ -->\n<title>Impressum - Psychoonkologie bewegt<\/title>\n<meta name=\"robots\" content=\"index, follow, max-snippet:-1, max-image-preview:large, max-video-preview:-1\" \/>\n<link rel=\"canonical\" href=\"https:\/\/psychoonkologiebewegt.de\/en\/impressum\/\" \/>\n<meta property=\"og:locale\" content=\"en_GB\" \/>\n<meta property=\"og:type\" content=\"article\" \/>\n<meta property=\"og:title\" content=\"Impressum - Psychoonkologie bewegt\" \/>\n<meta property=\"og:description\" content=\"Angaben gem\u00e4\u00df \u00a7 5 TMG Dorothee WiewrodtAlbert-Schweitzer-Campus 1, 48149 M\u00fcnster Kontakt Telefon: +49 (0) 152 5495 6103E-Mail: dw(at)psychoonkologiebewegt(dot)de Berufsbezeichnung und berufsrechtliche Regelungen Berufsbezeichnung: \u00c4rztin, Professorin &hellip;\" \/>\n<meta property=\"og:url\" content=\"https:\/\/psychoonkologiebewegt.de\/en\/impressum\/\" \/>\n<meta property=\"og:site_name\" content=\"Psychoonkologie bewegt\" \/>\n<meta property=\"article:modified_time\" content=\"2022-09-14T19:54:33+00:00\" \/>\n<meta name=\"twitter:card\" content=\"summary_large_image\" \/>\n<meta name=\"twitter:label1\" content=\"Estimated reading time\" \/>\n\t<meta name=\"twitter:data1\" content=\"2 minutes\" \/>\n<script type=\"application\/ld+json\" class=\"yoast-schema-graph\">{\"@context\":\"https:\\\/\\\/schema.org\",\"@graph\":[{\"@type\":\"WebPage\",\"@id\":\"https:\\\/\\\/psychoonkologiebewegt.de\\\/impressum\\\/\",\"url\":\"https:\\\/\\\/psychoonkologiebewegt.de\\\/impressum\\\/\",\"name\":\"Impressum - Psychoonkologie bewegt\",\"isPartOf\":{\"@id\":\"https:\\\/\\\/psychoonkologiebewegt.de\\\/#website\"},\"datePublished\":\"2021-09-16T07:40:30+00:00\",\"dateModified\":\"2022-09-14T19:54:33+00:00\",\"breadcrumb\":{\"@id\":\"https:\\\/\\\/psychoonkologiebewegt.de\\\/impressum\\\/#breadcrumb\"},\"inLanguage\":\"en-GB\",\"potentialAction\":[{\"@type\":\"ReadAction\",\"target\":[\"https:\\\/\\\/psychoonkologiebewegt.de\\\/impressum\\\/\"]}]},{\"@type\":\"BreadcrumbList\",\"@id\":\"https:\\\/\\\/psychoonkologiebewegt.de\\\/impressum\\\/#breadcrumb\",\"itemListElement\":[{\"@type\":\"ListItem\",\"position\":1,\"name\":\"Startseite\",\"item\":\"https:\\\/\\\/psychoonkologiebewegt.de\\\/\"},{\"@type\":\"ListItem\",\"position\":2,\"name\":\"Impressum\"}]},{\"@type\":\"WebSite\",\"@id\":\"https:\\\/\\\/psychoonkologiebewegt.de\\\/#website\",\"url\":\"https:\\\/\\\/psychoonkologiebewegt.de\\\/\",\"name\":\"Psychoonkologie bewegt\",\"description\":\"\",\"publisher\":{\"@id\":\"https:\\\/\\\/psychoonkologiebewegt.de\\\/#organization\"},\"potentialAction\":[{\"@type\":\"SearchAction\",\"target\":{\"@type\":\"EntryPoint\",\"urlTemplate\":\"https:\\\/\\\/psychoonkologiebewegt.de\\\/?s={search_term_string}\"},\"query-input\":{\"@type\":\"PropertyValueSpecification\",\"valueRequired\":true,\"valueName\":\"search_term_string\"}}],\"inLanguage\":\"en-GB\"},{\"@type\":\"Organization\",\"@id\":\"https:\\\/\\\/psychoonkologiebewegt.de\\\/#organization\",\"name\":\"Psychoonkologie bewegt\",\"url\":\"https:\\\/\\\/psychoonkologiebewegt.de\\\/\",\"logo\":{\"@type\":\"ImageObject\",\"inLanguage\":\"en-GB\",\"@id\":\"https:\\\/\\\/psychoonkologiebewegt.de\\\/#\\\/schema\\\/logo\\\/image\\\/\",\"url\":\"http:\\\/\\\/psychoonkologiebewegt.de\\\/wp-content\\\/uploads\\\/2022\\\/07\\\/Psychoonkologiebewegt.png\",\"contentUrl\":\"http:\\\/\\\/psychoonkologiebewegt.de\\\/wp-content\\\/uploads\\\/2022\\\/07\\\/Psychoonkologiebewegt.png\",\"width\":406,\"height\":729,\"caption\":\"Psychoonkologie bewegt\"},\"image\":{\"@id\":\"https:\\\/\\\/psychoonkologiebewegt.de\\\/#\\\/schema\\\/logo\\\/image\\\/\"}}]}<\/script>\n<!-- \/ Yoast SEO plugin. -->","yoast_head_json":{"title":"Impressum - Psychoonkologie bewegt","robots":{"index":"index","follow":"follow","max-snippet":"max-snippet:-1","max-image-preview":"max-image-preview:large","max-video-preview":"max-video-preview:-1"},"canonical":"https:\/\/psychoonkologiebewegt.de\/en\/impressum\/","og_locale":"en_GB","og_type":"article","og_title":"Impressum - Psychoonkologie bewegt","og_description":"Angaben gem\u00e4\u00df \u00a7 5 TMG Dorothee WiewrodtAlbert-Schweitzer-Campus 1, 48149 M\u00fcnster Kontakt Telefon: +49 (0) 152 5495 6103E-Mail: dw(at)psychoonkologiebewegt(dot)de Berufsbezeichnung und berufsrechtliche Regelungen Berufsbezeichnung: \u00c4rztin, Professorin &hellip;","og_url":"https:\/\/psychoonkologiebewegt.de\/en\/impressum\/","og_site_name":"Psychoonkologie bewegt","article_modified_time":"2022-09-14T19:54:33+00:00","twitter_card":"summary_large_image","twitter_misc":{"Estimated reading time":"2 minutes"},"schema":{"@context":"https:\/\/schema.org","@graph":[{"@type":"WebPage","@id":"https:\/\/psychoonkologiebewegt.de\/impressum\/","url":"https:\/\/psychoonkologiebewegt.de\/impressum\/","name":"Impressum - Psychoonkologie bewegt","isPartOf":{"@id":"https:\/\/psychoonkologiebewegt.de\/#website"},"datePublished":"2021-09-16T07:40:30+00:00","dateModified":"2022-09-14T19:54:33+00:00","breadcrumb":{"@id":"https:\/\/psychoonkologiebewegt.de\/impressum\/#breadcrumb"},"inLanguage":"en-GB","potentialAction":[{"@type":"ReadAction","target":["https:\/\/psychoonkologiebewegt.de\/impressum\/"]}]},{"@type":"BreadcrumbList","@id":"https:\/\/psychoonkologiebewegt.de\/impressum\/#breadcrumb","itemListElement":[{"@type":"ListItem","position":1,"name":"Startseite","item":"https:\/\/psychoonkologiebewegt.de\/"},{"@type":"ListItem","position":2,"name":"Impressum"}]},{"@type":"WebSite","@id":"https:\/\/psychoonkologiebewegt.de\/#website","url":"https:\/\/psychoonkologiebewegt.de\/","name":"Psychooncology moves","description":"","publisher":{"@id":"https:\/\/psychoonkologiebewegt.de\/#organization"},"potentialAction":[{"@type":"SearchAction","target":{"@type":"EntryPoint","urlTemplate":"https:\/\/psychoonkologiebewegt.de\/?s={search_term_string}"},"query-input":{"@type":"PropertyValueSpecification","valueRequired":true,"valueName":"search_term_string"}}],"inLanguage":"en-GB"},{"@type":"Organization","@id":"https:\/\/psychoonkologiebewegt.de\/#organization","name":"Psychooncology moves","url":"https:\/\/psychoonkologiebewegt.de\/","logo":{"@type":"ImageObject","inLanguage":"en-GB","@id":"https:\/\/psychoonkologiebewegt.de\/#\/schema\/logo\/image\/","url":"http:\/\/psychoonkologiebewegt.de\/wp-content\/uploads\/2022\/07\/Psychoonkologiebewegt.png","contentUrl":"http:\/\/psychoonkologiebewegt.de\/wp-content\/uploads\/2022\/07\/Psychoonkologiebewegt.png","width":406,"height":729,"caption":"Psychoonkologie bewegt"},"image":{"@id":"https:\/\/psychoonkologiebewegt.de\/#\/schema\/logo\/image\/"}}]}},"_links":{"self":[{"href":"https:\/\/psychoonkologiebewegt.de\/en\/wp-json\/wp\/v2\/pages\/1023","targetHints":{"allow":["GET"]}}],"collection":[{"href":"https:\/\/psychoonkologiebewegt.de\/en\/wp-json\/wp\/v2\/pages"}],"about":[{"href":"https:\/\/psychoonkologiebewegt.de\/en\/wp-json\/wp\/v2\/types\/page"}],"author":[{"embeddable":true,"href":"https:\/\/psychoonkologiebewegt.de\/en\/wp-json\/wp\/v2\/users\/1"}],"replies":[{"embeddable":true,"href":"https:\/\/psychoonkologiebewegt.de\/en\/wp-json\/wp\/v2\/comments?post=1023"}],"version-history":[{"count":10,"href":"https:\/\/psychoonkologiebewegt.de\/en\/wp-json\/wp\/v2\/pages\/1023\/revisions"}],"predecessor-version":[{"id":2034,"href":"https:\/\/psychoonkologiebewegt.de\/en\/wp-json\/wp\/v2\/pages\/1023\/revisions\/2034"}],"wp:attachment":[{"href":"https:\/\/psychoonkologiebewegt.de\/en\/wp-json\/wp\/v2\/media?parent=1023"}],"curies":[{"name":"wp","href":"https:\/\/api.w.org\/{rel}","templated":true}]}}