{"id":163,"date":"2021-06-28T13:30:41","date_gmt":"2021-06-28T13:30:41","guid":{"rendered":"http:\/\/psychoonkologiebewegt.de\/?page_id=163"},"modified":"2023-04-17T15:37:59","modified_gmt":"2023-04-17T15:37:59","slug":"seite-01","status":"publish","type":"page","link":"http:\/\/psychoonkologiebewegt.de\/en\/","title":{"rendered":"Seite 01"},"content":{"rendered":"<div data-elementor-type=\"wp-page\" data-elementor-id=\"163\" class=\"elementor elementor-163\">\n\t\t\t\t\t\t<section class=\"elementor-section elementor-top-section elementor-element elementor-element-62e60c1 elementor-section-boxed elementor-section-height-default elementor-section-height-default\" data-id=\"62e60c1\" data-element_type=\"section\" data-e-type=\"section\">\n\t\t\t\t\t\t<div class=\"elementor-container elementor-column-gap-default\">\n\t\t\t\t\t<div class=\"elementor-column elementor-col-100 elementor-top-column elementor-element elementor-element-8e23068\" data-id=\"8e23068\" data-element_type=\"column\" data-e-type=\"column\">\n\t\t\t<div class=\"elementor-widget-wrap elementor-element-populated\">\n\t\t\t\t\t\t<section class=\"elementor-section elementor-inner-section elementor-element elementor-element-14f81e4 elementor-section-boxed elementor-section-height-default elementor-section-height-default\" data-id=\"14f81e4\" data-element_type=\"section\" data-e-type=\"section\">\n\t\t\t\t\t\t<div class=\"elementor-container elementor-column-gap-default\">\n\t\t\t\t\t<div class=\"elementor-column elementor-col-50 elementor-inner-column elementor-element elementor-element-caea2a2\" data-id=\"caea2a2\" data-element_type=\"column\" data-e-type=\"column\">\n\t\t\t<div class=\"elementor-widget-wrap elementor-element-populated\">\n\t\t\t\t\t\t<div class=\"elementor-element elementor-element-26158f0 elementor-widget elementor-widget-text-editor\" data-id=\"26158f0\" data-element_type=\"widget\" data-e-type=\"widget\" data-widget_type=\"text-editor.default\">\n\t\t\t\t<div class=\"elementor-widget-container\">\n\t\t\t\t\t\t\t\t\t<p class=\"translation-block\">Psychooncology moves<\/p><p>is the name of the new page aimed at those affected who would like to learn more about the possibilities of psychooncology in the context of neurosurgery. Since 2011, we have established conversation, art and sport offers as elements of the supportive therapies in psycho-oncology at the Department of Neurosurgery at M\u00fcnster University Hospital, in order to help patients achieve a better quality of life!<\/p><p>We wish you an exciting, informative and inspiring exploration of the topic on the following pages!<\/p><p>sincerly, Dorothee Wiewrodt and team<\/p><p>*If you choose the English translation of this page, please note that the menu and the topic of each page have been translated, but the following content can be translated with the language selection of your browser!<\/p>\t\t\t\t\t\t\t\t<\/div>\n\t\t\t\t<\/div>\n\t\t\t\t\t<\/div>\n\t\t<\/div>\n\t\t\t\t<div class=\"elementor-column elementor-col-50 elementor-inner-column elementor-element elementor-element-55770d9\" data-id=\"55770d9\" data-element_type=\"column\" data-e-type=\"column\">\n\t\t\t<div class=\"elementor-widget-wrap elementor-element-populated\">\n\t\t\t\t\t\t<div class=\"elementor-element elementor-element-cedfdff elementor-widget elementor-widget-image\" data-id=\"cedfdff\" data-element_type=\"widget\" data-e-type=\"widget\" data-widget_type=\"image.default\">\n\t\t\t\t<div class=\"elementor-widget-container\">\n\t\t\t\t\t\t\t\t\t\t\t\t\t\t\t<img fetchpriority=\"high\" decoding=\"async\" width=\"362\" height=\"500\" src=\"https:\/\/psychoonkologiebewegt.de\/wp-content\/uploads\/2021\/06\/DW.jpg\" class=\"attachment-medium_large size-medium_large wp-image-171\" alt=\"\" srcset=\"https:\/\/psychoonkologiebewegt.de\/wp-content\/uploads\/2021\/06\/DW.jpg 362w, https:\/\/psychoonkologiebewegt.de\/wp-content\/uploads\/2021\/06\/DW-217x300.jpg 217w\" sizes=\"(max-width: 362px) 100vw, 362px\" \/>\t\t\t\t\t\t\t\t\t\t\t\t\t\t\t<\/div>\n\t\t\t\t<\/div>\n\t\t\t\t\t<\/div>\n\t\t<\/div>\n\t\t\t\t\t<\/div>\n\t\t<\/section>\n\t\t\t\t\t<\/div>\n\t\t<\/div>\n\t\t\t\t\t<\/div>\n\t\t<\/section>\n\t\t\t\t<section class=\"elementor-section elementor-top-section elementor-element elementor-element-cfd389e elementor-section-boxed elementor-section-height-default elementor-section-height-default\" data-id=\"cfd389e\" data-element_type=\"section\" data-e-type=\"section\">\n\t\t\t\t\t\t<div class=\"elementor-container elementor-column-gap-default\">\n\t\t\t\t\t<div class=\"elementor-column elementor-col-100 elementor-top-column elementor-element elementor-element-cc41b78\" data-id=\"cc41b78\" data-element_type=\"column\" data-e-type=\"column\">\n\t\t\t<div class=\"elementor-widget-wrap elementor-element-populated\">\n\t\t\t\t\t\t<div class=\"elementor-element elementor-element-0a83d7d elementor-widget elementor-widget-image\" data-id=\"0a83d7d\" data-element_type=\"widget\" data-e-type=\"widget\" data-widget_type=\"image.default\">\n\t\t\t\t<div class=\"elementor-widget-container\">\n\t\t\t\t\t\t\t\t\t\t\t\t\t\t\t<img decoding=\"async\" width=\"406\" height=\"729\" src=\"http:\/\/psychoonkologiebewegt.de\/wp-content\/uploads\/2022\/08\/Psychooncology-moves-en.png\" class=\"attachment-large size-large wp-image-1838\" alt=\"\" srcset=\"http:\/\/psychoonkologiebewegt.de\/wp-content\/uploads\/2022\/08\/Psychooncology-moves-en.png 406w, http:\/\/psychoonkologiebewegt.de\/wp-content\/uploads\/2022\/08\/Psychooncology-moves-en-168x300.png 168w, http:\/\/psychoonkologiebewegt.de\/wp-content\/uploads\/2022\/08\/Psychooncology-moves-en-7x12.png 7w\" sizes=\"(max-width: 406px) 100vw, 406px\" \/>\t\t\t\t\t\t\t\t\t\t\t\t\t\t\t<\/div>\n\t\t\t\t<\/div>\n\t\t\t\t\t<\/div>\n\t\t<\/div>\n\t\t\t\t\t<\/div>\n\t\t<\/section>\n\t\t\t\t<\/div>","protected":false},"excerpt":{"rendered":"<p>Psychoonkologiebewegt hei\u00dft die neue Seite, die sich an Betroffene richtet, die mehr \u00fcber die M\u00f6glichkeiten der Psychoonkologie im Kontext der Neurochirurgie erfahren m\u00f6chten. Seit 2011 &hellip;<\/p>","protected":false},"author":1,"featured_media":0,"parent":0,"menu_order":0,"comment_status":"closed","ping_status":"closed","template":"","meta":{"footnotes":""},"class_list":["post-163","page","type-page","status-publish","hentry"],"yoast_head":"<!-- This site is optimized with the Yoast SEO plugin v27.4 - https:\/\/yoast.com\/product\/yoast-seo-wordpress\/ -->\n<title>Seite 01 - Psychoonkologie bewegt<\/title>\n<meta name=\"robots\" content=\"index, follow, max-snippet:-1, max-image-preview:large, max-video-preview:-1\" \/>\n<link rel=\"canonical\" href=\"https:\/\/psychoonkologiebewegt.de\/en\/\" \/>\n<meta property=\"og:locale\" content=\"en_GB\" \/>\n<meta property=\"og:type\" content=\"article\" \/>\n<meta property=\"og:title\" content=\"Seite 01 - Psychoonkologie bewegt\" \/>\n<meta property=\"og:description\" content=\"Psychoonkologiebewegt hei\u00dft die neue Seite, die sich an Betroffene richtet, die mehr \u00fcber die M\u00f6glichkeiten der Psychoonkologie im Kontext der Neurochirurgie erfahren m\u00f6chten. Seit 2011 &hellip;\" \/>\n<meta property=\"og:url\" content=\"https:\/\/psychoonkologiebewegt.de\/en\/\" \/>\n<meta property=\"og:site_name\" content=\"Psychoonkologie bewegt\" \/>\n<meta property=\"article:modified_time\" content=\"2023-04-17T15:37:59+00:00\" \/>\n<meta property=\"og:image\" content=\"http:\/\/psychoonkologiebewegt.de\/wp-content\/uploads\/2021\/06\/DW.jpg\" \/>\n<meta name=\"twitter:card\" content=\"summary_large_image\" \/>\n<meta name=\"twitter:label1\" content=\"Estimated reading time\" \/>\n\t<meta name=\"twitter:data1\" content=\"1 minute\" \/>\n<script type=\"application\/ld+json\" class=\"yoast-schema-graph\">{\"@context\":\"https:\\\/\\\/schema.org\",\"@graph\":[{\"@type\":\"WebPage\",\"@id\":\"https:\\\/\\\/psychoonkologiebewegt.de\\\/\",\"url\":\"https:\\\/\\\/psychoonkologiebewegt.de\\\/\",\"name\":\"Seite 01 - Psychoonkologie bewegt\",\"isPartOf\":{\"@id\":\"https:\\\/\\\/psychoonkologiebewegt.de\\\/#website\"},\"primaryImageOfPage\":{\"@id\":\"https:\\\/\\\/psychoonkologiebewegt.de\\\/#primaryimage\"},\"image\":{\"@id\":\"https:\\\/\\\/psychoonkologiebewegt.de\\\/#primaryimage\"},\"thumbnailUrl\":\"http:\\\/\\\/psychoonkologiebewegt.de\\\/wp-content\\\/uploads\\\/2021\\\/06\\\/DW.jpg\",\"datePublished\":\"2021-06-28T13:30:41+00:00\",\"dateModified\":\"2023-04-17T15:37:59+00:00\",\"breadcrumb\":{\"@id\":\"https:\\\/\\\/psychoonkologiebewegt.de\\\/#breadcrumb\"},\"inLanguage\":\"en-GB\",\"potentialAction\":[{\"@type\":\"ReadAction\",\"target\":[\"https:\\\/\\\/psychoonkologiebewegt.de\\\/\"]}]},{\"@type\":\"ImageObject\",\"inLanguage\":\"en-GB\",\"@id\":\"https:\\\/\\\/psychoonkologiebewegt.de\\\/#primaryimage\",\"url\":\"http:\\\/\\\/psychoonkologiebewegt.de\\\/wp-content\\\/uploads\\\/2021\\\/06\\\/DW.jpg\",\"contentUrl\":\"http:\\\/\\\/psychoonkologiebewegt.de\\\/wp-content\\\/uploads\\\/2021\\\/06\\\/DW.jpg\"},{\"@type\":\"BreadcrumbList\",\"@id\":\"https:\\\/\\\/psychoonkologiebewegt.de\\\/#breadcrumb\",\"itemListElement\":[{\"@type\":\"ListItem\",\"position\":1,\"name\":\"Startseite\",\"item\":\"https:\\\/\\\/psychoonkologiebewegt.de\\\/\"},{\"@type\":\"ListItem\",\"position\":2,\"name\":\"Seite 01\"}]},{\"@type\":\"WebSite\",\"@id\":\"https:\\\/\\\/psychoonkologiebewegt.de\\\/#website\",\"url\":\"https:\\\/\\\/psychoonkologiebewegt.de\\\/\",\"name\":\"Psychoonkologie bewegt\",\"description\":\"\",\"publisher\":{\"@id\":\"https:\\\/\\\/psychoonkologiebewegt.de\\\/#organization\"},\"potentialAction\":[{\"@type\":\"SearchAction\",\"target\":{\"@type\":\"EntryPoint\",\"urlTemplate\":\"https:\\\/\\\/psychoonkologiebewegt.de\\\/?s={search_term_string}\"},\"query-input\":{\"@type\":\"PropertyValueSpecification\",\"valueRequired\":true,\"valueName\":\"search_term_string\"}}],\"inLanguage\":\"en-GB\"},{\"@type\":\"Organization\",\"@id\":\"https:\\\/\\\/psychoonkologiebewegt.de\\\/#organization\",\"name\":\"Psychoonkologie bewegt\",\"url\":\"https:\\\/\\\/psychoonkologiebewegt.de\\\/\",\"logo\":{\"@type\":\"ImageObject\",\"inLanguage\":\"en-GB\",\"@id\":\"https:\\\/\\\/psychoonkologiebewegt.de\\\/#\\\/schema\\\/logo\\\/image\\\/\",\"url\":\"http:\\\/\\\/psychoonkologiebewegt.de\\\/wp-content\\\/uploads\\\/2022\\\/07\\\/Psychoonkologiebewegt.png\",\"contentUrl\":\"http:\\\/\\\/psychoonkologiebewegt.de\\\/wp-content\\\/uploads\\\/2022\\\/07\\\/Psychoonkologiebewegt.png\",\"width\":406,\"height\":729,\"caption\":\"Psychoonkologie bewegt\"},\"image\":{\"@id\":\"https:\\\/\\\/psychoonkologiebewegt.de\\\/#\\\/schema\\\/logo\\\/image\\\/\"}}]}<\/script>\n<!-- \/ Yoast SEO plugin. -->","yoast_head_json":{"title":"Seite 01 - Psychoonkologie bewegt","robots":{"index":"index","follow":"follow","max-snippet":"max-snippet:-1","max-image-preview":"max-image-preview:large","max-video-preview":"max-video-preview:-1"},"canonical":"https:\/\/psychoonkologiebewegt.de\/en\/","og_locale":"en_GB","og_type":"article","og_title":"Seite 01 - Psychoonkologie bewegt","og_description":"Psychoonkologiebewegt hei\u00dft die neue Seite, die sich an Betroffene richtet, die mehr \u00fcber die M\u00f6glichkeiten der Psychoonkologie im Kontext der Neurochirurgie erfahren m\u00f6chten. Seit 2011 &hellip;","og_url":"https:\/\/psychoonkologiebewegt.de\/en\/","og_site_name":"Psychoonkologie bewegt","article_modified_time":"2023-04-17T15:37:59+00:00","og_image":[{"url":"http:\/\/psychoonkologiebewegt.de\/wp-content\/uploads\/2021\/06\/DW.jpg","type":"","width":"","height":""}],"twitter_card":"summary_large_image","twitter_misc":{"Estimated reading time":"1 minute"},"schema":{"@context":"https:\/\/schema.org","@graph":[{"@type":"WebPage","@id":"https:\/\/psychoonkologiebewegt.de\/","url":"https:\/\/psychoonkologiebewegt.de\/","name":"Seite 01 - Psychoonkologie bewegt","isPartOf":{"@id":"https:\/\/psychoonkologiebewegt.de\/#website"},"primaryImageOfPage":{"@id":"https:\/\/psychoonkologiebewegt.de\/#primaryimage"},"image":{"@id":"https:\/\/psychoonkologiebewegt.de\/#primaryimage"},"thumbnailUrl":"http:\/\/psychoonkologiebewegt.de\/wp-content\/uploads\/2021\/06\/DW.jpg","datePublished":"2021-06-28T13:30:41+00:00","dateModified":"2023-04-17T15:37:59+00:00","breadcrumb":{"@id":"https:\/\/psychoonkologiebewegt.de\/#breadcrumb"},"inLanguage":"en-GB","potentialAction":[{"@type":"ReadAction","target":["https:\/\/psychoonkologiebewegt.de\/"]}]},{"@type":"ImageObject","inLanguage":"en-GB","@id":"https:\/\/psychoonkologiebewegt.de\/#primaryimage","url":"http:\/\/psychoonkologiebewegt.de\/wp-content\/uploads\/2021\/06\/DW.jpg","contentUrl":"http:\/\/psychoonkologiebewegt.de\/wp-content\/uploads\/2021\/06\/DW.jpg"},{"@type":"BreadcrumbList","@id":"https:\/\/psychoonkologiebewegt.de\/#breadcrumb","itemListElement":[{"@type":"ListItem","position":1,"name":"Startseite","item":"https:\/\/psychoonkologiebewegt.de\/"},{"@type":"ListItem","position":2,"name":"Seite 01"}]},{"@type":"WebSite","@id":"https:\/\/psychoonkologiebewegt.de\/#website","url":"https:\/\/psychoonkologiebewegt.de\/","name":"Psychooncology moves","description":"","publisher":{"@id":"https:\/\/psychoonkologiebewegt.de\/#organization"},"potentialAction":[{"@type":"SearchAction","target":{"@type":"EntryPoint","urlTemplate":"https:\/\/psychoonkologiebewegt.de\/?s={search_term_string}"},"query-input":{"@type":"PropertyValueSpecification","valueRequired":true,"valueName":"search_term_string"}}],"inLanguage":"en-GB"},{"@type":"Organization","@id":"https:\/\/psychoonkologiebewegt.de\/#organization","name":"Psychooncology moves","url":"https:\/\/psychoonkologiebewegt.de\/","logo":{"@type":"ImageObject","inLanguage":"en-GB","@id":"https:\/\/psychoonkologiebewegt.de\/#\/schema\/logo\/image\/","url":"http:\/\/psychoonkologiebewegt.de\/wp-content\/uploads\/2022\/07\/Psychoonkologiebewegt.png","contentUrl":"http:\/\/psychoonkologiebewegt.de\/wp-content\/uploads\/2022\/07\/Psychoonkologiebewegt.png","width":406,"height":729,"caption":"Psychoonkologie bewegt"},"image":{"@id":"https:\/\/psychoonkologiebewegt.de\/#\/schema\/logo\/image\/"}}]}},"_links":{"self":[{"href":"http:\/\/psychoonkologiebewegt.de\/en\/wp-json\/wp\/v2\/pages\/163","targetHints":{"allow":["GET"]}}],"collection":[{"href":"http:\/\/psychoonkologiebewegt.de\/en\/wp-json\/wp\/v2\/pages"}],"about":[{"href":"http:\/\/psychoonkologiebewegt.de\/en\/wp-json\/wp\/v2\/types\/page"}],"author":[{"embeddable":true,"href":"http:\/\/psychoonkologiebewegt.de\/en\/wp-json\/wp\/v2\/users\/1"}],"replies":[{"embeddable":true,"href":"http:\/\/psychoonkologiebewegt.de\/en\/wp-json\/wp\/v2\/comments?post=163"}],"version-history":[{"count":49,"href":"http:\/\/psychoonkologiebewegt.de\/en\/wp-json\/wp\/v2\/pages\/163\/revisions"}],"predecessor-version":[{"id":2808,"href":"http:\/\/psychoonkologiebewegt.de\/en\/wp-json\/wp\/v2\/pages\/163\/revisions\/2808"}],"wp:attachment":[{"href":"http:\/\/psychoonkologiebewegt.de\/en\/wp-json\/wp\/v2\/media?parent=163"}],"curies":[{"name":"wp","href":"https:\/\/api.w.org\/{rel}","templated":true}]}}